{"id":423,"date":"2024-04-25T17:12:23","date_gmt":"2024-04-25T17:12:23","guid":{"rendered":"https:\/\/gita-lampshades.eu\/?page_id=423"},"modified":"2025-05-21T22:34:37","modified_gmt":"2025-05-21T22:34:37","slug":"about-me","status":"publish","type":"page","link":"https:\/\/gita-lampshades.eu\/hr\/about-me\/","title":{"rendered":"O nama"},"content":{"rendered":"<div data-elementor-type=\"wp-page\" data-elementor-id=\"423\" class=\"elementor elementor-423\" data-elementor-post-type=\"page\">\n\t\t\t\t<div class=\"elementor-element elementor-element-e07abe5 e-flex e-con-boxed e-con e-parent\" data-id=\"e07abe5\" data-element_type=\"container\">\n\t\t\t\t\t<div class=\"e-con-inner\">\n\t\t\t\t<div class=\"elementor-element elementor-element-cf99179 elementor-widget elementor-widget-image\" data-id=\"cf99179\" data-element_type=\"widget\" data-widget_type=\"image.default\">\n\t\t\t\t<div class=\"elementor-widget-container\">\n\t\t\t\t\t\t\t\t\t\t\t\t\t\t\t<img fetchpriority=\"high\" decoding=\"async\" width=\"450\" height=\"800\" src=\"https:\/\/gita-lampshades.eu\/wp-content\/uploads\/2025\/05\/20240726_121912_resized.png\" class=\"attachment-full size-full wp-image-2351\" alt=\"\" srcset=\"https:\/\/gita-lampshades.eu\/wp-content\/uploads\/2025\/05\/20240726_121912_resized.png 450w, https:\/\/gita-lampshades.eu\/wp-content\/uploads\/2025\/05\/20240726_121912_resized-169x300.png 169w\" sizes=\"(max-width: 450px) 100vw, 450px\" \/>\t\t\t\t\t\t\t\t\t\t\t\t\t\t\t<\/div>\n\t\t\t\t<\/div>\n\t\t\t\t\t<\/div>\n\t\t\t\t<\/div>\n\t\t<div class=\"elementor-element elementor-element-7148b98 e-flex e-con-boxed e-con e-parent\" data-id=\"7148b98\" data-element_type=\"container\">\n\t\t\t\t\t<div class=\"e-con-inner\">\n\t\t\t\t<div class=\"elementor-element elementor-element-f2baad5 elementor-widget elementor-widget-heading\" data-id=\"f2baad5\" data-element_type=\"widget\" data-widget_type=\"heading.default\">\n\t\t\t\t<div class=\"elementor-widget-container\">\n\t\t\t\t\t<h2 class=\"elementor-heading-title elementor-size-default\">Moja pri\u010da:<\/h2>\t\t\t\t<\/div>\n\t\t\t\t<\/div>\n\t\t\t\t<div class=\"elementor-element elementor-element-0165158 elementor-widget elementor-widget-text-editor\" data-id=\"0165158\" data-element_type=\"widget\" data-widget_type=\"text-editor.default\">\n\t\t\t\t<div class=\"elementor-widget-container\">\n\t\t\t\t\t\t\t\t\t<p>Oduvijek sam bila znati\u017eeljna kao dijete i voljela sam \u201e\u010da\u010dkati\u201c po \u017eicama, vijcima, \u0161arafima, rastavljati stvari. Voljela sam i \u010ditati, osobito pri\u010de o \u0161egrtu Hlapi\u0107u i njegovoj Giti. Nisam ih samo voljela \u2013 obo\u017eavala sam ih. Pogotovo Gitu. Ponekad mi se \u010dini da sam jo\u0161 uvijek negdje u toj pri\u010di. Tamo iza one ba\u010dve kod Brli\u0107evca... lutam i skupljam inspiraciju.<\/p><p>Sigurna sam da sada razumijete sve o Giti.<\/p><p>E pa, onda sam odrasla, a moja me znati\u017eelja odvela u svijet sjenila i rasvjete. Pri\u010da je zapo\u010dela sasvim slu\u010dajno kad sam po\u017eeljela imati lampu u svom stanu. Druga\u010diju, posebnu, \u0161arenu. Ne be\u017e, ne bijelu, ne zlatnu. Htjela sam ne\u0161to unikatno, \u0161to ne postoji nigdje. I stvarno nije postojalo. Kupila sam obi\u010dnu lampu sa zlatnim sjenilom i odmah krenula u akciju. Ubrzo sam imala novu lampu kojom sam se s ponosom hvalila.<\/p><p>Naravno, tu je znati\u017eelja ponovno preuzela i po\u010dela sam sastavljati, rastavljati, \u010ditati, istra\u017eivati, lijepiti i \u0161ivati.<\/p><p>Ta po\u010detna avantura sada je postala moja ovisnost. Ne mogu zamisliti dan da barem ne razmi\u0161ljam o novim idejama. Imam ih nebrojeno, te\u0161ko ih je zadr\u017eati, pa ih zapisujem i skiciram u svoju tajnu bilje\u017enicu kako mi ne bi pobjegle. Inspiraciju nalazim posvuda, najvi\u0161e u prirodi. Promatram kombinacije boja, igru svjetla i sjene... sve mi to daje snagu za dalje.<\/p><p>U\u017eivam u stvaranju novih sjenila, svako izra\u0111eno s puno ljubavi i pa\u017enje, nikad na brzinu, nikad iz navike ili rutine. Tako je ve\u0107 vi\u0161e od 10 godina. Za mene je izrada sjenila \u010dista meditacija \u2013 tada se zaista odmaram, a krajnji rezultat mi je iznimno va\u017ean i neizmjerno me veseli. Obo\u017eavam svoje klijente, njihove komentare, recenzije, savjete i prijedloge. Upravo su oni ti zbog kojih je moja ovisnost jo\u0161 i ve\u0107a.<\/p><p>Mo\u017eete me prona\u0107i i na sajmovima interijera gdje osobno upoznajem kupce. Obo\u017eavam vidjeti izraze na licima mojih lampoljubaca. Njihove reakcije i komentari su neprocjenjivi.<\/p><p>Sura\u0111ujem s dizajnerima interijera i nalazimo rje\u0161enja za sve \u2013 od privatnih domova do manjih ili ve\u0107ih hotela, apartmana ili restorana na pla\u017ei.<\/p><p>Tu sam za sve one koji osje\u0107aju i \u017eele biti druga\u010diji.<\/p><p>Ostanite sa mnom, jer najbolje tek dolazi.<\/p>\t\t\t\t\t\t\t\t<\/div>\n\t\t\t\t<\/div>\n\t\t\t\t\t<\/div>\n\t\t\t\t<\/div>\n\t\t<div class=\"elementor-element elementor-element-fd346c9 e-flex e-con-boxed e-con e-parent\" data-id=\"fd346c9\" data-element_type=\"container\">\n\t\t\t\t\t<div class=\"e-con-inner\">\n\t\t\t\t<div class=\"elementor-element elementor-element-c52be8a elementor-widget elementor-widget-spacer\" data-id=\"c52be8a\" data-element_type=\"widget\" data-widget_type=\"spacer.default\">\n\t\t\t\t<div class=\"elementor-widget-container\">\n\t\t\t\t\t\t\t<div class=\"elementor-spacer\">\n\t\t\t<div class=\"elementor-spacer-inner\"><\/div>\n\t\t<\/div>\n\t\t\t\t\t\t<\/div>\n\t\t\t\t<\/div>\n\t\t\t\t\t<\/div>\n\t\t\t\t<\/div>\n\t\t\t\t<\/div>","protected":false},"excerpt":{"rendered":"<p>My story I was always curious as a child and loved to &#8220;fiddle&#8221; with wires, screws, bolts, and dismantle things. [&hellip;]<\/p>","protected":false},"author":1,"featured_media":0,"parent":0,"menu_order":0,"comment_status":"closed","ping_status":"closed","template":"","meta":{"site-sidebar-layout":"no-sidebar","site-content-layout":"","ast-site-content-layout":"full-width-container","site-content-style":"default","site-sidebar-style":"default","ast-global-header-display":"","ast-banner-title-visibility":"","ast-main-header-display":"","ast-hfb-above-header-display":"","ast-hfb-below-header-display":"","ast-hfb-mobile-header-display":"","site-post-title":"disabled","ast-breadcrumbs-content":"","ast-featured-img":"disabled","footer-sml-layout":"","theme-transparent-header-meta":"","adv-header-id-meta":"","stick-header-meta":"","header-above-stick-meta":"","header-main-stick-meta":"","header-below-stick-meta":"","astra-migrate-meta-layouts":"default","ast-page-background-enabled":"default","ast-page-background-meta":{"desktop":{"background-color":"var(--ast-global-color-4)","background-image":"","background-repeat":"repeat","background-position":"center center","background-size":"auto","background-attachment":"scroll","background-type":"","background-media":"","overlay-type":"","overlay-color":"","overlay-opacity":"","overlay-gradient":""},"tablet":{"background-color":"","background-image":"","background-repeat":"repeat","background-position":"center center","background-size":"auto","background-attachment":"scroll","background-type":"","background-media":"","overlay-type":"","overlay-color":"","overlay-opacity":"","overlay-gradient":""},"mobile":{"background-color":"","background-image":"","background-repeat":"repeat","background-position":"center center","background-size":"auto","background-attachment":"scroll","background-type":"","background-media":"","overlay-type":"","overlay-color":"","overlay-opacity":"","overlay-gradient":""}},"ast-content-background-meta":{"desktop":{"background-color":"var(--ast-global-color-5)","background-image":"","background-repeat":"repeat","background-position":"center center","background-size":"auto","background-attachment":"scroll","background-type":"","background-media":"","overlay-type":"","overlay-color":"","overlay-opacity":"","overlay-gradient":""},"tablet":{"background-color":"var(--ast-global-color-5)","background-image":"","background-repeat":"repeat","background-position":"center center","background-size":"auto","background-attachment":"scroll","background-type":"","background-media":"","overlay-type":"","overlay-color":"","overlay-opacity":"","overlay-gradient":""},"mobile":{"background-color":"var(--ast-global-color-5)","background-image":"","background-repeat":"repeat","background-position":"center center","background-size":"auto","background-attachment":"scroll","background-type":"","background-media":"","overlay-type":"","overlay-color":"","overlay-opacity":"","overlay-gradient":""}},"footnotes":""},"class_list":["post-423","page","type-page","status-publish","hentry"],"yoast_head":"<!-- This site is optimized with the Yoast SEO plugin v25.6 - https:\/\/yoast.com\/wordpress\/plugins\/seo\/ -->\n<title>About me - Gita Lampshades<\/title>\n<meta name=\"robots\" content=\"index, follow, max-snippet:-1, max-image-preview:large, max-video-preview:-1\" \/>\n<link rel=\"canonical\" href=\"https:\/\/gita-lampshades.eu\/hr\/about-me\/\" \/>\n<meta property=\"og:locale\" content=\"hr_HR\" \/>\n<meta property=\"og:type\" content=\"article\" \/>\n<meta property=\"og:title\" content=\"About me - Gita Lampshades\" \/>\n<meta property=\"og:description\" content=\"My story I was always curious as a child and loved to &#8220;fiddle&#8221; with wires, screws, bolts, and dismantle things. [&hellip;]\" \/>\n<meta property=\"og:url\" content=\"https:\/\/gita-lampshades.eu\/hr\/about-me\/\" \/>\n<meta property=\"og:site_name\" content=\"Gita Lampshades\" \/>\n<meta property=\"article:modified_time\" content=\"2025-05-21T22:34:37+00:00\" \/>\n<meta property=\"og:image\" content=\"https:\/\/gita-lampshades.eu\/wp-content\/uploads\/2025\/05\/20240726_121912_resized.png\" \/>\n<meta name=\"twitter:card\" content=\"summary_large_image\" \/>\n<meta name=\"twitter:label1\" content=\"Procijenjeno vrijeme \u010ditanja\" \/>\n\t<meta name=\"twitter:data1\" content=\"2 minute\" \/>\n<script type=\"application\/ld+json\" class=\"yoast-schema-graph\">{\"@context\":\"https:\/\/schema.org\",\"@graph\":[{\"@type\":\"WebPage\",\"@id\":\"https:\/\/gita-lampshades.eu\/about-me\/\",\"url\":\"https:\/\/gita-lampshades.eu\/about-me\/\",\"name\":\"About me - Gita Lampshades\",\"isPartOf\":{\"@id\":\"https:\/\/gita-lampshades.eu\/#website\"},\"primaryImageOfPage\":{\"@id\":\"https:\/\/gita-lampshades.eu\/about-me\/#primaryimage\"},\"image\":{\"@id\":\"https:\/\/gita-lampshades.eu\/about-me\/#primaryimage\"},\"thumbnailUrl\":\"https:\/\/gita-lampshades.eu\/wp-content\/uploads\/2025\/05\/20240726_121912_resized.png\",\"datePublished\":\"2024-04-25T17:12:23+00:00\",\"dateModified\":\"2025-05-21T22:34:37+00:00\",\"breadcrumb\":{\"@id\":\"https:\/\/gita-lampshades.eu\/about-me\/#breadcrumb\"},\"inLanguage\":\"hr\",\"potentialAction\":[{\"@type\":\"ReadAction\",\"target\":[\"https:\/\/gita-lampshades.eu\/about-me\/\"]}]},{\"@type\":\"ImageObject\",\"inLanguage\":\"hr\",\"@id\":\"https:\/\/gita-lampshades.eu\/about-me\/#primaryimage\",\"url\":\"https:\/\/gita-lampshades.eu\/wp-content\/uploads\/2025\/05\/20240726_121912_resized.png\",\"contentUrl\":\"https:\/\/gita-lampshades.eu\/wp-content\/uploads\/2025\/05\/20240726_121912_resized.png\"},{\"@type\":\"BreadcrumbList\",\"@id\":\"https:\/\/gita-lampshades.eu\/about-me\/#breadcrumb\",\"itemListElement\":[{\"@type\":\"ListItem\",\"position\":1,\"name\":\"Home\",\"item\":\"https:\/\/gita-lampshades.eu\/\"},{\"@type\":\"ListItem\",\"position\":2,\"name\":\"About me\"}]},{\"@type\":\"WebSite\",\"@id\":\"https:\/\/gita-lampshades.eu\/#website\",\"url\":\"https:\/\/gita-lampshades.eu\/\",\"name\":\"Gita Lampshades\",\"description\":\"\",\"publisher\":{\"@id\":\"https:\/\/gita-lampshades.eu\/#organization\"},\"potentialAction\":[{\"@type\":\"SearchAction\",\"target\":{\"@type\":\"EntryPoint\",\"urlTemplate\":\"https:\/\/gita-lampshades.eu\/?s={search_term_string}\"},\"query-input\":{\"@type\":\"PropertyValueSpecification\",\"valueRequired\":true,\"valueName\":\"search_term_string\"}}],\"inLanguage\":\"hr\"},{\"@type\":\"Organization\",\"@id\":\"https:\/\/gita-lampshades.eu\/#organization\",\"name\":\"Gita Lampshades\",\"url\":\"https:\/\/gita-lampshades.eu\/\",\"logo\":{\"@type\":\"ImageObject\",\"inLanguage\":\"hr\",\"@id\":\"https:\/\/gita-lampshades.eu\/#\/schema\/logo\/image\/\",\"url\":\"https:\/\/gita-lampshades.eu\/wp-content\/uploads\/2025\/06\/cropped-491195145_1745562156313025_6486678245729008846_n-1.png\",\"contentUrl\":\"https:\/\/gita-lampshades.eu\/wp-content\/uploads\/2025\/06\/cropped-491195145_1745562156313025_6486678245729008846_n-1.png\",\"width\":800,\"height\":317,\"caption\":\"Gita Lampshades\"},\"image\":{\"@id\":\"https:\/\/gita-lampshades.eu\/#\/schema\/logo\/image\/\"}}]}<\/script>\n<!-- \/ Yoast SEO plugin. -->","yoast_head_json":{"title":"About me - Gita Lampshades","robots":{"index":"index","follow":"follow","max-snippet":"max-snippet:-1","max-image-preview":"max-image-preview:large","max-video-preview":"max-video-preview:-1"},"canonical":"https:\/\/gita-lampshades.eu\/hr\/about-me\/","og_locale":"hr_HR","og_type":"article","og_title":"About me - Gita Lampshades","og_description":"My story I was always curious as a child and loved to &#8220;fiddle&#8221; with wires, screws, bolts, and dismantle things. [&hellip;]","og_url":"https:\/\/gita-lampshades.eu\/hr\/about-me\/","og_site_name":"Gita Lampshades","article_modified_time":"2025-05-21T22:34:37+00:00","og_image":[{"url":"https:\/\/gita-lampshades.eu\/wp-content\/uploads\/2025\/05\/20240726_121912_resized.png","type":"","width":"","height":""}],"twitter_card":"summary_large_image","twitter_misc":{"Procijenjeno vrijeme \u010ditanja":"2 minute"},"schema":{"@context":"https:\/\/schema.org","@graph":[{"@type":"WebPage","@id":"https:\/\/gita-lampshades.eu\/about-me\/","url":"https:\/\/gita-lampshades.eu\/about-me\/","name":"About me - Gita Lampshades","isPartOf":{"@id":"https:\/\/gita-lampshades.eu\/#website"},"primaryImageOfPage":{"@id":"https:\/\/gita-lampshades.eu\/about-me\/#primaryimage"},"image":{"@id":"https:\/\/gita-lampshades.eu\/about-me\/#primaryimage"},"thumbnailUrl":"https:\/\/gita-lampshades.eu\/wp-content\/uploads\/2025\/05\/20240726_121912_resized.png","datePublished":"2024-04-25T17:12:23+00:00","dateModified":"2025-05-21T22:34:37+00:00","breadcrumb":{"@id":"https:\/\/gita-lampshades.eu\/about-me\/#breadcrumb"},"inLanguage":"hr","potentialAction":[{"@type":"ReadAction","target":["https:\/\/gita-lampshades.eu\/about-me\/"]}]},{"@type":"ImageObject","inLanguage":"hr","@id":"https:\/\/gita-lampshades.eu\/about-me\/#primaryimage","url":"https:\/\/gita-lampshades.eu\/wp-content\/uploads\/2025\/05\/20240726_121912_resized.png","contentUrl":"https:\/\/gita-lampshades.eu\/wp-content\/uploads\/2025\/05\/20240726_121912_resized.png"},{"@type":"BreadcrumbList","@id":"https:\/\/gita-lampshades.eu\/about-me\/#breadcrumb","itemListElement":[{"@type":"ListItem","position":1,"name":"Home","item":"https:\/\/gita-lampshades.eu\/"},{"@type":"ListItem","position":2,"name":"About me"}]},{"@type":"WebSite","@id":"https:\/\/gita-lampshades.eu\/#website","url":"https:\/\/gita-lampshades.eu\/","name":"Gita Lampshades","description":"","publisher":{"@id":"https:\/\/gita-lampshades.eu\/#organization"},"potentialAction":[{"@type":"SearchAction","target":{"@type":"EntryPoint","urlTemplate":"https:\/\/gita-lampshades.eu\/?s={search_term_string}"},"query-input":{"@type":"PropertyValueSpecification","valueRequired":true,"valueName":"search_term_string"}}],"inLanguage":"hr"},{"@type":"Organization","@id":"https:\/\/gita-lampshades.eu\/#organization","name":"Gita Lampshades","url":"https:\/\/gita-lampshades.eu\/","logo":{"@type":"ImageObject","inLanguage":"hr","@id":"https:\/\/gita-lampshades.eu\/#\/schema\/logo\/image\/","url":"https:\/\/gita-lampshades.eu\/wp-content\/uploads\/2025\/06\/cropped-491195145_1745562156313025_6486678245729008846_n-1.png","contentUrl":"https:\/\/gita-lampshades.eu\/wp-content\/uploads\/2025\/06\/cropped-491195145_1745562156313025_6486678245729008846_n-1.png","width":800,"height":317,"caption":"Gita Lampshades"},"image":{"@id":"https:\/\/gita-lampshades.eu\/#\/schema\/logo\/image\/"}}]}},"_links":{"self":[{"href":"https:\/\/gita-lampshades.eu\/hr\/wp-json\/wp\/v2\/pages\/423","targetHints":{"allow":["GET"]}}],"collection":[{"href":"https:\/\/gita-lampshades.eu\/hr\/wp-json\/wp\/v2\/pages"}],"about":[{"href":"https:\/\/gita-lampshades.eu\/hr\/wp-json\/wp\/v2\/types\/page"}],"author":[{"embeddable":true,"href":"https:\/\/gita-lampshades.eu\/hr\/wp-json\/wp\/v2\/users\/1"}],"replies":[{"embeddable":true,"href":"https:\/\/gita-lampshades.eu\/hr\/wp-json\/wp\/v2\/comments?post=423"}],"version-history":[{"count":86,"href":"https:\/\/gita-lampshades.eu\/hr\/wp-json\/wp\/v2\/pages\/423\/revisions"}],"predecessor-version":[{"id":2357,"href":"https:\/\/gita-lampshades.eu\/hr\/wp-json\/wp\/v2\/pages\/423\/revisions\/2357"}],"wp:attachment":[{"href":"https:\/\/gita-lampshades.eu\/hr\/wp-json\/wp\/v2\/media?parent=423"}],"curies":[{"name":"wp","href":"https:\/\/api.w.org\/{rel}","templated":true}]}}