{"id":2008,"date":"2025-04-11T13:03:47","date_gmt":"2025-04-11T13:03:47","guid":{"rendered":"https:\/\/gita-lampshades.eu\/?post_type=product&#038;p=2008"},"modified":"2025-06-02T11:04:57","modified_gmt":"2025-06-02T11:04:57","slug":"pink-lady","status":"publish","type":"product","link":"https:\/\/gita-lampshades.eu\/hr\/proizvod\/pink-lady\/","title":{"rendered":"Ru\u017ea sjenilo za lampu ili luster"},"content":{"rendered":"<p>Sjenilo je izra\u0111eno od visokokvalitetne  tkanine na kojoj se nalazi prekrasan uzorak,  mje\u0161avine lana i pamuka ,te bijelim laminiranim PVC-om otpornim na plamen s unutarnje strane.<br \/>\nMo\u017ee se koristiti u svakoj prostoriji va\u0161eg doma, poslovnog prostora, ugostiteljskog objekta.\nOvo sjenilo dizajnirano je da se savr\u0161eno uklopi i u moderne i u klasi\u010dne interijere. Mo\u017ee se koristiti kao sjenilo za stolnu\/podnu lampu, ali i za luster.<\/p>\n<p>Molimo obratite pa\u017enju na dimenzije: promjer dna x promjer vrha x visina.<\/p>\n<p>Sva moja sjenila dizajnirana i izra\u0111ena su ru\u010dno u radionici u Hrvatskoj s puno ljubavi, \u0161to \u0107ete, nadam se i vi prepoznati. Sva na\u0161a sjenila mogu se kombinirati sa postoljima koja imamo u ponudi. Ukoliko pri odabiru trebate pomo\u0107, slobodno nas mo\u017eete kontaktirati.<br \/>\nMoja sjenila imaju europski na\u010din monta\u017ee, tu mislim na na\u010din na koje sjenilo \"sjeda\" na grlo postolja, ali mo\u017eemo dodati adapter za ameri\u010dki na\u010din monta\u017ee (mo\u017eete vidjeti na zadnjoj slici) i tada ih mo\u017eete koristiti za sve vrste grla i na\u010dina na koji se sjenila pri\u010dvr\u0161\u0107uju za postolje.<br \/>\nMolim da me kontaktirate ukoliko vam je potreban druga\u010diji prilklju\u010dak tj. spoj na postolje lampe.<\/p>\n<p>U slu\u010daju da trebate kompletnu lampu, mo\u017eete nas slobodno kontaktirati i bit \u0107e mi zadovoljstvo pomo\u0107i vam u odabiru. U na\u0161oj trgovini u dijelu \"stolne lampe\" prona\u0107i \u0107ete kompletnu lampu s ovakvim sjenilom, no ukoliko \u017eelite ne\u0161to drugo, slobodno nas kontaktirajte. Isto tako mo\u017eemo izraditi sjenilo druga\u010dijeg oblika u ovome dezenu. Potrebno nas je kontaktirani  kako bismo se dogovorili o tome \u0161to biste \u017eeljeli za va\u0161 prostor.<\/p>\n<p><b>Cleaning:<\/b> sjenilo prebri\u0161ite suhom krpom kako bi ostalo svje\u017ee ili mo\u017eete koristiti vla\u017ene maramice da biste lagano otklonili \u010destice pra\u0161ine sa sjenila.<\/p>","protected":false},"excerpt":{"rendered":"<p>This lampshade is made of high quality linen\/cotton fabric\u00a0 and laminated flame retardant clear PVC on the back side. It [&hellip;]<\/p>","protected":false},"featured_media":2012,"comment_status":"open","ping_status":"closed","template":"","meta":{"site-sidebar-layout":"default","site-content-layout":"","ast-site-content-layout":"default","site-content-style":"default","site-sidebar-style":"default","ast-global-header-display":"","ast-banner-title-visibility":"","ast-main-header-display":"","ast-hfb-above-header-display":"","ast-hfb-below-header-display":"","ast-hfb-mobile-header-display":"","site-post-title":"","ast-breadcrumbs-content":"","ast-featured-img":"","footer-sml-layout":"","theme-transparent-header-meta":"default","adv-header-id-meta":"","stick-header-meta":"","header-above-stick-meta":"","header-main-stick-meta":"","header-below-stick-meta":"","astra-migrate-meta-layouts":"set","ast-page-background-enabled":"default","ast-page-background-meta":{"desktop":{"background-color":"var(--ast-global-color-4)","background-image":"","background-repeat":"repeat","background-position":"center center","background-size":"auto","background-attachment":"scroll","background-type":"","background-media":"","overlay-type":"","overlay-color":"","overlay-opacity":"","overlay-gradient":""},"tablet":{"background-color":"","background-image":"","background-repeat":"repeat","background-position":"center center","background-size":"auto","background-attachment":"scroll","background-type":"","background-media":"","overlay-type":"","overlay-color":"","overlay-opacity":"","overlay-gradient":""},"mobile":{"background-color":"","background-image":"","background-repeat":"repeat","background-position":"center center","background-size":"auto","background-attachment":"scroll","background-type":"","background-media":"","overlay-type":"","overlay-color":"","overlay-opacity":"","overlay-gradient":""}},"ast-content-background-meta":{"desktop":{"background-color":"var(--ast-global-color-5)","background-image":"","background-repeat":"repeat","background-position":"center center","background-size":"auto","background-attachment":"scroll","background-type":"","background-media":"","overlay-type":"","overlay-color":"","overlay-opacity":"","overlay-gradient":""},"tablet":{"background-color":"var(--ast-global-color-5)","background-image":"","background-repeat":"repeat","background-position":"center center","background-size":"auto","background-attachment":"scroll","background-type":"","background-media":"","overlay-type":"","overlay-color":"","overlay-opacity":"","overlay-gradient":""},"mobile":{"background-color":"var(--ast-global-color-5)","background-image":"","background-repeat":"repeat","background-position":"center center","background-size":"auto","background-attachment":"scroll","background-type":"","background-media":"","overlay-type":"","overlay-color":"","overlay-opacity":"","overlay-gradient":""}}},"product_brand":[],"product_cat":[27],"product_tag":[],"class_list":{"0":"post-2008","1":"product","2":"type-product","3":"status-publish","4":"has-post-thumbnail","6":"product_cat-lampshades","7":"pa_dimension-40x30cm-16x12","8":"pa_style-ceiling","9":"pa_style-lamp","10":"desktop-align-center","11":"tablet-align-left","12":"mobile-align-left","14":"first","15":"instock","16":"shipping-taxable","17":"purchasable","18":"product-type-variable"},"yoast_head":"<!-- This site is optimized with the Yoast SEO plugin v25.6 - https:\/\/yoast.com\/wordpress\/plugins\/seo\/ -->\n<title>Rosa pink lampshade - Gita Lampshades<\/title>\n<meta name=\"robots\" content=\"index, follow, max-snippet:-1, max-image-preview:large, max-video-preview:-1\" \/>\n<link rel=\"canonical\" href=\"https:\/\/gita-lampshades.eu\/hr\/proizvod\/pink-lady\/\" \/>\n<meta property=\"og:locale\" content=\"hr_HR\" \/>\n<meta property=\"og:type\" content=\"article\" \/>\n<meta property=\"og:title\" content=\"Rosa pink lampshade - Gita Lampshades\" \/>\n<meta property=\"og:description\" content=\"This lampshade is made of high quality linen\/cotton fabric\u00a0 and laminated flame retardant clear PVC on the back side. It [&hellip;]\" \/>\n<meta property=\"og:url\" content=\"https:\/\/gita-lampshades.eu\/hr\/proizvod\/pink-lady\/\" \/>\n<meta property=\"og:site_name\" content=\"Gita Lampshades\" \/>\n<meta property=\"article:modified_time\" content=\"2025-06-02T11:04:57+00:00\" \/>\n<meta property=\"og:image\" content=\"https:\/\/gita-lampshades.eu\/wp-content\/uploads\/2025\/04\/GitaLampshades__1436_resized.png\" \/>\n\t<meta property=\"og:image:width\" content=\"600\" \/>\n\t<meta property=\"og:image:height\" content=\"914\" \/>\n\t<meta property=\"og:image:type\" content=\"image\/png\" \/>\n<meta name=\"twitter:card\" content=\"summary_large_image\" \/>\n<meta name=\"twitter:label1\" content=\"Procijenjeno vrijeme \u010ditanja\" \/>\n\t<meta name=\"twitter:data1\" content=\"1 minuta\" \/>\n<script type=\"application\/ld+json\" class=\"yoast-schema-graph\">{\"@context\":\"https:\/\/schema.org\",\"@graph\":[{\"@type\":\"WebPage\",\"@id\":\"https:\/\/gita-lampshades.eu\/product\/pink-lady\/\",\"url\":\"https:\/\/gita-lampshades.eu\/product\/pink-lady\/\",\"name\":\"Rosa pink lampshade - Gita Lampshades\",\"isPartOf\":{\"@id\":\"https:\/\/gita-lampshades.eu\/#website\"},\"primaryImageOfPage\":{\"@id\":\"https:\/\/gita-lampshades.eu\/product\/pink-lady\/#primaryimage\"},\"image\":{\"@id\":\"https:\/\/gita-lampshades.eu\/product\/pink-lady\/#primaryimage\"},\"thumbnailUrl\":\"https:\/\/gita-lampshades.eu\/wp-content\/uploads\/2025\/04\/GitaLampshades__1436_resized.png\",\"datePublished\":\"2025-04-11T13:03:47+00:00\",\"dateModified\":\"2025-06-02T11:04:57+00:00\",\"breadcrumb\":{\"@id\":\"https:\/\/gita-lampshades.eu\/product\/pink-lady\/#breadcrumb\"},\"inLanguage\":\"hr\",\"potentialAction\":[{\"@type\":\"ReadAction\",\"target\":[\"https:\/\/gita-lampshades.eu\/product\/pink-lady\/\"]}]},{\"@type\":\"ImageObject\",\"inLanguage\":\"hr\",\"@id\":\"https:\/\/gita-lampshades.eu\/product\/pink-lady\/#primaryimage\",\"url\":\"https:\/\/gita-lampshades.eu\/wp-content\/uploads\/2025\/04\/GitaLampshades__1436_resized.png\",\"contentUrl\":\"https:\/\/gita-lampshades.eu\/wp-content\/uploads\/2025\/04\/GitaLampshades__1436_resized.png\",\"width\":600,\"height\":914,\"caption\":\"Rosa sjenilo za lampu-luster\"},{\"@type\":\"BreadcrumbList\",\"@id\":\"https:\/\/gita-lampshades.eu\/product\/pink-lady\/#breadcrumb\",\"itemListElement\":[{\"@type\":\"ListItem\",\"position\":1,\"name\":\"Home\",\"item\":\"https:\/\/gita-lampshades.eu\/\"},{\"@type\":\"ListItem\",\"position\":2,\"name\":\"Shop\",\"item\":\"https:\/\/gita-lampshades.eu\/hr\/shop\/\"},{\"@type\":\"ListItem\",\"position\":3,\"name\":\"Rosa pink lampshade\"}]},{\"@type\":\"WebSite\",\"@id\":\"https:\/\/gita-lampshades.eu\/#website\",\"url\":\"https:\/\/gita-lampshades.eu\/\",\"name\":\"Gita Lampshades\",\"description\":\"\",\"publisher\":{\"@id\":\"https:\/\/gita-lampshades.eu\/#organization\"},\"potentialAction\":[{\"@type\":\"SearchAction\",\"target\":{\"@type\":\"EntryPoint\",\"urlTemplate\":\"https:\/\/gita-lampshades.eu\/?s={search_term_string}\"},\"query-input\":{\"@type\":\"PropertyValueSpecification\",\"valueRequired\":true,\"valueName\":\"search_term_string\"}}],\"inLanguage\":\"hr\"},{\"@type\":\"Organization\",\"@id\":\"https:\/\/gita-lampshades.eu\/#organization\",\"name\":\"Gita Lampshades\",\"url\":\"https:\/\/gita-lampshades.eu\/\",\"logo\":{\"@type\":\"ImageObject\",\"inLanguage\":\"hr\",\"@id\":\"https:\/\/gita-lampshades.eu\/#\/schema\/logo\/image\/\",\"url\":\"https:\/\/gita-lampshades.eu\/wp-content\/uploads\/2025\/06\/cropped-491195145_1745562156313025_6486678245729008846_n-1.png\",\"contentUrl\":\"https:\/\/gita-lampshades.eu\/wp-content\/uploads\/2025\/06\/cropped-491195145_1745562156313025_6486678245729008846_n-1.png\",\"width\":800,\"height\":317,\"caption\":\"Gita Lampshades\"},\"image\":{\"@id\":\"https:\/\/gita-lampshades.eu\/#\/schema\/logo\/image\/\"}}]}<\/script>\n<!-- \/ Yoast SEO plugin. -->","yoast_head_json":{"title":"Rosa pink lampshade - Gita Lampshades","robots":{"index":"index","follow":"follow","max-snippet":"max-snippet:-1","max-image-preview":"max-image-preview:large","max-video-preview":"max-video-preview:-1"},"canonical":"https:\/\/gita-lampshades.eu\/hr\/proizvod\/pink-lady\/","og_locale":"hr_HR","og_type":"article","og_title":"Rosa pink lampshade - Gita Lampshades","og_description":"This lampshade is made of high quality linen\/cotton fabric\u00a0 and laminated flame retardant clear PVC on the back side. It [&hellip;]","og_url":"https:\/\/gita-lampshades.eu\/hr\/proizvod\/pink-lady\/","og_site_name":"Gita Lampshades","article_modified_time":"2025-06-02T11:04:57+00:00","og_image":[{"width":600,"height":914,"url":"https:\/\/gita-lampshades.eu\/wp-content\/uploads\/2025\/04\/GitaLampshades__1436_resized.png","type":"image\/png"}],"twitter_card":"summary_large_image","twitter_misc":{"Procijenjeno vrijeme \u010ditanja":"1 minuta"},"schema":{"@context":"https:\/\/schema.org","@graph":[{"@type":"WebPage","@id":"https:\/\/gita-lampshades.eu\/product\/pink-lady\/","url":"https:\/\/gita-lampshades.eu\/product\/pink-lady\/","name":"Rosa pink lampshade - Gita Lampshades","isPartOf":{"@id":"https:\/\/gita-lampshades.eu\/#website"},"primaryImageOfPage":{"@id":"https:\/\/gita-lampshades.eu\/product\/pink-lady\/#primaryimage"},"image":{"@id":"https:\/\/gita-lampshades.eu\/product\/pink-lady\/#primaryimage"},"thumbnailUrl":"https:\/\/gita-lampshades.eu\/wp-content\/uploads\/2025\/04\/GitaLampshades__1436_resized.png","datePublished":"2025-04-11T13:03:47+00:00","dateModified":"2025-06-02T11:04:57+00:00","breadcrumb":{"@id":"https:\/\/gita-lampshades.eu\/product\/pink-lady\/#breadcrumb"},"inLanguage":"hr","potentialAction":[{"@type":"ReadAction","target":["https:\/\/gita-lampshades.eu\/product\/pink-lady\/"]}]},{"@type":"ImageObject","inLanguage":"hr","@id":"https:\/\/gita-lampshades.eu\/product\/pink-lady\/#primaryimage","url":"https:\/\/gita-lampshades.eu\/wp-content\/uploads\/2025\/04\/GitaLampshades__1436_resized.png","contentUrl":"https:\/\/gita-lampshades.eu\/wp-content\/uploads\/2025\/04\/GitaLampshades__1436_resized.png","width":600,"height":914,"caption":"Rosa sjenilo za lampu-luster"},{"@type":"BreadcrumbList","@id":"https:\/\/gita-lampshades.eu\/product\/pink-lady\/#breadcrumb","itemListElement":[{"@type":"ListItem","position":1,"name":"Home","item":"https:\/\/gita-lampshades.eu\/"},{"@type":"ListItem","position":2,"name":"Shop","item":"https:\/\/gita-lampshades.eu\/hr\/shop\/"},{"@type":"ListItem","position":3,"name":"Rosa pink lampshade"}]},{"@type":"WebSite","@id":"https:\/\/gita-lampshades.eu\/#website","url":"https:\/\/gita-lampshades.eu\/","name":"Gita Lampshades","description":"","publisher":{"@id":"https:\/\/gita-lampshades.eu\/#organization"},"potentialAction":[{"@type":"SearchAction","target":{"@type":"EntryPoint","urlTemplate":"https:\/\/gita-lampshades.eu\/?s={search_term_string}"},"query-input":{"@type":"PropertyValueSpecification","valueRequired":true,"valueName":"search_term_string"}}],"inLanguage":"hr"},{"@type":"Organization","@id":"https:\/\/gita-lampshades.eu\/#organization","name":"Gita Lampshades","url":"https:\/\/gita-lampshades.eu\/","logo":{"@type":"ImageObject","inLanguage":"hr","@id":"https:\/\/gita-lampshades.eu\/#\/schema\/logo\/image\/","url":"https:\/\/gita-lampshades.eu\/wp-content\/uploads\/2025\/06\/cropped-491195145_1745562156313025_6486678245729008846_n-1.png","contentUrl":"https:\/\/gita-lampshades.eu\/wp-content\/uploads\/2025\/06\/cropped-491195145_1745562156313025_6486678245729008846_n-1.png","width":800,"height":317,"caption":"Gita Lampshades"},"image":{"@id":"https:\/\/gita-lampshades.eu\/#\/schema\/logo\/image\/"}}]}},"_links":{"self":[{"href":"https:\/\/gita-lampshades.eu\/hr\/wp-json\/wp\/v2\/product\/2008","targetHints":{"allow":["GET"]}}],"collection":[{"href":"https:\/\/gita-lampshades.eu\/hr\/wp-json\/wp\/v2\/product"}],"about":[{"href":"https:\/\/gita-lampshades.eu\/hr\/wp-json\/wp\/v2\/types\/product"}],"replies":[{"embeddable":true,"href":"https:\/\/gita-lampshades.eu\/hr\/wp-json\/wp\/v2\/comments?post=2008"}],"version-history":[{"count":2,"href":"https:\/\/gita-lampshades.eu\/hr\/wp-json\/wp\/v2\/product\/2008\/revisions"}],"predecessor-version":[{"id":2455,"href":"https:\/\/gita-lampshades.eu\/hr\/wp-json\/wp\/v2\/product\/2008\/revisions\/2455"}],"wp:featuredmedia":[{"embeddable":true,"href":"https:\/\/gita-lampshades.eu\/hr\/wp-json\/wp\/v2\/media\/2012"}],"wp:attachment":[{"href":"https:\/\/gita-lampshades.eu\/hr\/wp-json\/wp\/v2\/media?parent=2008"}],"wp:term":[{"taxonomy":"product_brand","embeddable":true,"href":"https:\/\/gita-lampshades.eu\/hr\/wp-json\/wp\/v2\/product_brand?post=2008"},{"taxonomy":"product_cat","embeddable":true,"href":"https:\/\/gita-lampshades.eu\/hr\/wp-json\/wp\/v2\/product_cat?post=2008"},{"taxonomy":"product_tag","embeddable":true,"href":"https:\/\/gita-lampshades.eu\/hr\/wp-json\/wp\/v2\/product_tag?post=2008"}],"curies":[{"name":"wp","href":"https:\/\/api.w.org\/{rel}","templated":true}]}}