{"id":2076,"date":"2025-04-15T00:03:39","date_gmt":"2025-04-15T00:03:39","guid":{"rendered":"https:\/\/gita-lampshades.eu\/?post_type=product&#038;p=2076"},"modified":"2025-11-18T12:16:52","modified_gmt":"2025-11-18T12:16:52","slug":"chanel-little-lamp","status":"publish","type":"product","link":"https:\/\/gita-lampshades.eu\/hr\/proizvod\/chanel-little-lamp\/","title":{"rendered":"Teuta \u0161anel prijenosna lampa"},"content":{"rendered":"<p>Ovu romanti\u010dnu prijenosnu lampu mo\u017eete koristiti na nekoliko na\u010dina. Lampa se sastoji od sjenila dimenzije 20x15x19cm (donji promjer, gornji promjer i visina), elektri\u010dnog kabela u boji, prekida\u010da u bojama  sjenila te drvenog dijela koji se mo\u017ee pri\u010dvrstiti u zid, dio namje\u0161taja ili sl. i koji \u0107e u jednom dijelu dr\u017eati kabel i omogu\u0107iti da sjenilo slobodno pada.<\/p>\n<p>Lampa je vrlo prakti\u010dna i mo\u017eete je vrlo lako ponijeti sa sobom na putovanje ili sli\u010dno.<\/p>\n<p>Sjenilo lampe izra\u0111eno je iznutra u zlatnoj mat foliji.<\/p>\n<div class=\"elementor-element elementor-element-433c070 e-flex e-con-boxed e-con e-parent e-lazyloaded\" data-id=\"433c070\" data-element_type=\"container\">\n<div class=\"e-con-inner\">\n<div class=\"elementor-element elementor-element-5e32af0 e-con-full e-flex e-con e-child\" data-id=\"5e32af0\" data-element_type=\"container\">\n<div class=\"elementor-element elementor-element-b0d7f7a elementor-widget elementor-widget-woocommerce-product-content\" data-id=\"b0d7f7a\" data-element_type=\"widget\" data-widget_type=\"woocommerce-product-content.default\">\n<div class=\"elementor-widget-container\">\n<p>Lampa se uklapa  u sve  prostore i stilove, mo\u017eemo je izraditi u izvedbi lustera, a mogu\u0107a je izrada i u drugim dostupnim dezenima ili po dogovoru s kupcem. Za sve upite stojimo Vam na raspolaganju.<\/p>\n<p>Sve moje lampe izra\u0111ene su u radionici u Hrvatskoj s puno ljubavi \u0161to \u0107ete, nadam se, i sami primjetiti. Ukoliko \u017eelite sjenilo ili lampu drugih dimenzija od ponu\u0111enih, slobodno nam se javite, zajedno \u0107emo odgovoriti na sve va\u0161e zahtjeve.<br \/>\nMoja sjenila imaju europski na\u010din monta\u017ee, tu mislim na na\u010din na koje sjenilo \"sjeda\" na grlo postolja, ali mo\u017eemo dodati adapter za ameri\u010dki na\u010din monta\u017ee (mo\u017eete vidjeti na zadnjoj slici) i tada ih mo\u017eete koristiti za sve vrste grla i na\u010dina na koji se sjenila pri\u010dvr\u0161\u0107uju za postolje.<br \/>\nAko imate druga\u010diji na\u010din monta\u017ee od europskog, poslat \u0107emo vam adapter. Imamo rje\u0161enje za svaku situaciju, vjerujte nam \ud83d\ude42<\/p>\n<p class=\"translation-block\">Odr\u017eavanje: sjenilo prebri\u0161ite suhom krpom kako bi ostalo svje\u017ee ili mo\u017eete koristiti vla\u017ene maramice da biste lagano otklonili \u010destice pra\u0161ine sa sjenila.<\/p>\n<\/div>\n<\/div>\n<\/div>\n<\/div>\n<\/div>\n<div class=\"elementor-element elementor-element-1fc5256 e-flex e-con-boxed e-con e-parent e-lazyloaded\" data-id=\"1fc5256\" data-element_type=\"container\"><\/div>\n<p>&nbsp;<\/p>","protected":false},"excerpt":{"rendered":"<p>This is one of our lamps with multiple uses. The lamp consists of a lampshade measuring 20x15x19cm, a colored cable [&hellip;]<\/p>","protected":false},"featured_media":2078,"comment_status":"open","ping_status":"closed","template":"","meta":{"site-sidebar-layout":"default","site-content-layout":"","ast-site-content-layout":"default","site-content-style":"default","site-sidebar-style":"default","ast-global-header-display":"","ast-banner-title-visibility":"","ast-main-header-display":"","ast-hfb-above-header-display":"","ast-hfb-below-header-display":"","ast-hfb-mobile-header-display":"","site-post-title":"","ast-breadcrumbs-content":"","ast-featured-img":"","footer-sml-layout":"","theme-transparent-header-meta":"default","adv-header-id-meta":"","stick-header-meta":"","header-above-stick-meta":"","header-main-stick-meta":"","header-below-stick-meta":"","astra-migrate-meta-layouts":"set","ast-page-background-enabled":"default","ast-page-background-meta":{"desktop":{"background-color":"var(--ast-global-color-4)","background-image":"","background-repeat":"repeat","background-position":"center center","background-size":"auto","background-attachment":"scroll","background-type":"","background-media":"","overlay-type":"","overlay-color":"","overlay-opacity":"","overlay-gradient":""},"tablet":{"background-color":"","background-image":"","background-repeat":"repeat","background-position":"center center","background-size":"auto","background-attachment":"scroll","background-type":"","background-media":"","overlay-type":"","overlay-color":"","overlay-opacity":"","overlay-gradient":""},"mobile":{"background-color":"","background-image":"","background-repeat":"repeat","background-position":"center center","background-size":"auto","background-attachment":"scroll","background-type":"","background-media":"","overlay-type":"","overlay-color":"","overlay-opacity":"","overlay-gradient":""}},"ast-content-background-meta":{"desktop":{"background-color":"var(--ast-global-color-5)","background-image":"","background-repeat":"repeat","background-position":"center center","background-size":"auto","background-attachment":"scroll","background-type":"","background-media":"","overlay-type":"","overlay-color":"","overlay-opacity":"","overlay-gradient":""},"tablet":{"background-color":"var(--ast-global-color-5)","background-image":"","background-repeat":"repeat","background-position":"center center","background-size":"auto","background-attachment":"scroll","background-type":"","background-media":"","overlay-type":"","overlay-color":"","overlay-opacity":"","overlay-gradient":""},"mobile":{"background-color":"var(--ast-global-color-5)","background-image":"","background-repeat":"repeat","background-position":"center center","background-size":"auto","background-attachment":"scroll","background-type":"","background-media":"","overlay-type":"","overlay-color":"","overlay-opacity":"","overlay-gradient":""}}},"product_brand":[],"product_cat":[111],"product_tag":[],"class_list":{"0":"post-2076","1":"product","2":"type-product","3":"status-publish","4":"has-post-thumbnail","6":"product_cat-table-lamps","7":"pa_dimension-20x15x19cm-8x6x7","8":"desktop-align-center","9":"tablet-align-left","10":"mobile-align-left","12":"first","13":"instock","14":"shipping-taxable","15":"purchasable","16":"product-type-variable"},"yoast_head":"<!-- This site is optimized with the Yoast SEO plugin v25.6 - https:\/\/yoast.com\/wordpress\/plugins\/seo\/ -->\n<title>Teuta chanel little lamp - Gita Lampshades<\/title>\n<meta name=\"robots\" content=\"index, follow, max-snippet:-1, max-image-preview:large, max-video-preview:-1\" \/>\n<link rel=\"canonical\" href=\"https:\/\/gita-lampshades.eu\/hr\/proizvod\/chanel-little-lamp\/\" \/>\n<meta property=\"og:locale\" content=\"hr_HR\" \/>\n<meta property=\"og:type\" content=\"article\" \/>\n<meta property=\"og:title\" content=\"Teuta chanel little lamp - Gita Lampshades\" \/>\n<meta property=\"og:description\" content=\"This is one of our lamps with multiple uses. The lamp consists of a lampshade measuring 20x15x19cm, a colored cable [&hellip;]\" \/>\n<meta property=\"og:url\" content=\"https:\/\/gita-lampshades.eu\/hr\/proizvod\/chanel-little-lamp\/\" \/>\n<meta property=\"og:site_name\" content=\"Gita Lampshades\" \/>\n<meta property=\"article:modified_time\" content=\"2025-11-18T12:16:52+00:00\" \/>\n<meta property=\"og:image\" content=\"https:\/\/gita-lampshades.eu\/wp-content\/uploads\/2025\/04\/GitaLampshades-sjenilo-Pepita-05-4_resized.png\" \/>\n\t<meta property=\"og:image:width\" content=\"600\" \/>\n\t<meta property=\"og:image:height\" content=\"735\" \/>\n\t<meta property=\"og:image:type\" content=\"image\/png\" \/>\n<meta name=\"twitter:card\" content=\"summary_large_image\" \/>\n<meta name=\"twitter:label1\" content=\"Procijenjeno vrijeme \u010ditanja\" \/>\n\t<meta name=\"twitter:data1\" content=\"2 minute\" \/>\n<script type=\"application\/ld+json\" class=\"yoast-schema-graph\">{\"@context\":\"https:\/\/schema.org\",\"@graph\":[{\"@type\":\"WebPage\",\"@id\":\"https:\/\/gita-lampshades.eu\/product\/chanel-little-lamp\/\",\"url\":\"https:\/\/gita-lampshades.eu\/product\/chanel-little-lamp\/\",\"name\":\"Teuta chanel little lamp - Gita Lampshades\",\"isPartOf\":{\"@id\":\"https:\/\/gita-lampshades.eu\/#website\"},\"primaryImageOfPage\":{\"@id\":\"https:\/\/gita-lampshades.eu\/product\/chanel-little-lamp\/#primaryimage\"},\"image\":{\"@id\":\"https:\/\/gita-lampshades.eu\/product\/chanel-little-lamp\/#primaryimage\"},\"thumbnailUrl\":\"https:\/\/gita-lampshades.eu\/wp-content\/uploads\/2025\/04\/GitaLampshades-sjenilo-Pepita-05-4_resized.png\",\"datePublished\":\"2025-04-15T00:03:39+00:00\",\"dateModified\":\"2025-11-18T12:16:52+00:00\",\"breadcrumb\":{\"@id\":\"https:\/\/gita-lampshades.eu\/product\/chanel-little-lamp\/#breadcrumb\"},\"inLanguage\":\"hr\",\"potentialAction\":[{\"@type\":\"ReadAction\",\"target\":[\"https:\/\/gita-lampshades.eu\/product\/chanel-little-lamp\/\"]}]},{\"@type\":\"ImageObject\",\"inLanguage\":\"hr\",\"@id\":\"https:\/\/gita-lampshades.eu\/product\/chanel-little-lamp\/#primaryimage\",\"url\":\"https:\/\/gita-lampshades.eu\/wp-content\/uploads\/2025\/04\/GitaLampshades-sjenilo-Pepita-05-4_resized.png\",\"contentUrl\":\"https:\/\/gita-lampshades.eu\/wp-content\/uploads\/2025\/04\/GitaLampshades-sjenilo-Pepita-05-4_resized.png\",\"width\":600,\"height\":735,\"caption\":\"Teuta prijenosna lampa\"},{\"@type\":\"BreadcrumbList\",\"@id\":\"https:\/\/gita-lampshades.eu\/product\/chanel-little-lamp\/#breadcrumb\",\"itemListElement\":[{\"@type\":\"ListItem\",\"position\":1,\"name\":\"Home\",\"item\":\"https:\/\/gita-lampshades.eu\/\"},{\"@type\":\"ListItem\",\"position\":2,\"name\":\"Shop\",\"item\":\"https:\/\/gita-lampshades.eu\/hr\/shop\/\"},{\"@type\":\"ListItem\",\"position\":3,\"name\":\"Teuta chanel little lamp\"}]},{\"@type\":\"WebSite\",\"@id\":\"https:\/\/gita-lampshades.eu\/#website\",\"url\":\"https:\/\/gita-lampshades.eu\/\",\"name\":\"Gita Lampshades\",\"description\":\"\",\"publisher\":{\"@id\":\"https:\/\/gita-lampshades.eu\/#organization\"},\"potentialAction\":[{\"@type\":\"SearchAction\",\"target\":{\"@type\":\"EntryPoint\",\"urlTemplate\":\"https:\/\/gita-lampshades.eu\/?s={search_term_string}\"},\"query-input\":{\"@type\":\"PropertyValueSpecification\",\"valueRequired\":true,\"valueName\":\"search_term_string\"}}],\"inLanguage\":\"hr\"},{\"@type\":\"Organization\",\"@id\":\"https:\/\/gita-lampshades.eu\/#organization\",\"name\":\"Gita Lampshades\",\"url\":\"https:\/\/gita-lampshades.eu\/\",\"logo\":{\"@type\":\"ImageObject\",\"inLanguage\":\"hr\",\"@id\":\"https:\/\/gita-lampshades.eu\/#\/schema\/logo\/image\/\",\"url\":\"https:\/\/gita-lampshades.eu\/wp-content\/uploads\/2025\/06\/cropped-491195145_1745562156313025_6486678245729008846_n-1.png\",\"contentUrl\":\"https:\/\/gita-lampshades.eu\/wp-content\/uploads\/2025\/06\/cropped-491195145_1745562156313025_6486678245729008846_n-1.png\",\"width\":800,\"height\":317,\"caption\":\"Gita Lampshades\"},\"image\":{\"@id\":\"https:\/\/gita-lampshades.eu\/#\/schema\/logo\/image\/\"}}]}<\/script>\n<!-- \/ Yoast SEO plugin. -->","yoast_head_json":{"title":"Teuta chanel little lamp - Gita Lampshades","robots":{"index":"index","follow":"follow","max-snippet":"max-snippet:-1","max-image-preview":"max-image-preview:large","max-video-preview":"max-video-preview:-1"},"canonical":"https:\/\/gita-lampshades.eu\/hr\/proizvod\/chanel-little-lamp\/","og_locale":"hr_HR","og_type":"article","og_title":"Teuta chanel little lamp - Gita Lampshades","og_description":"This is one of our lamps with multiple uses. The lamp consists of a lampshade measuring 20x15x19cm, a colored cable [&hellip;]","og_url":"https:\/\/gita-lampshades.eu\/hr\/proizvod\/chanel-little-lamp\/","og_site_name":"Gita Lampshades","article_modified_time":"2025-11-18T12:16:52+00:00","og_image":[{"width":600,"height":735,"url":"https:\/\/gita-lampshades.eu\/wp-content\/uploads\/2025\/04\/GitaLampshades-sjenilo-Pepita-05-4_resized.png","type":"image\/png"}],"twitter_card":"summary_large_image","twitter_misc":{"Procijenjeno vrijeme \u010ditanja":"2 minute"},"schema":{"@context":"https:\/\/schema.org","@graph":[{"@type":"WebPage","@id":"https:\/\/gita-lampshades.eu\/product\/chanel-little-lamp\/","url":"https:\/\/gita-lampshades.eu\/product\/chanel-little-lamp\/","name":"Teuta chanel little lamp - Gita Lampshades","isPartOf":{"@id":"https:\/\/gita-lampshades.eu\/#website"},"primaryImageOfPage":{"@id":"https:\/\/gita-lampshades.eu\/product\/chanel-little-lamp\/#primaryimage"},"image":{"@id":"https:\/\/gita-lampshades.eu\/product\/chanel-little-lamp\/#primaryimage"},"thumbnailUrl":"https:\/\/gita-lampshades.eu\/wp-content\/uploads\/2025\/04\/GitaLampshades-sjenilo-Pepita-05-4_resized.png","datePublished":"2025-04-15T00:03:39+00:00","dateModified":"2025-11-18T12:16:52+00:00","breadcrumb":{"@id":"https:\/\/gita-lampshades.eu\/product\/chanel-little-lamp\/#breadcrumb"},"inLanguage":"hr","potentialAction":[{"@type":"ReadAction","target":["https:\/\/gita-lampshades.eu\/product\/chanel-little-lamp\/"]}]},{"@type":"ImageObject","inLanguage":"hr","@id":"https:\/\/gita-lampshades.eu\/product\/chanel-little-lamp\/#primaryimage","url":"https:\/\/gita-lampshades.eu\/wp-content\/uploads\/2025\/04\/GitaLampshades-sjenilo-Pepita-05-4_resized.png","contentUrl":"https:\/\/gita-lampshades.eu\/wp-content\/uploads\/2025\/04\/GitaLampshades-sjenilo-Pepita-05-4_resized.png","width":600,"height":735,"caption":"Teuta prijenosna lampa"},{"@type":"BreadcrumbList","@id":"https:\/\/gita-lampshades.eu\/product\/chanel-little-lamp\/#breadcrumb","itemListElement":[{"@type":"ListItem","position":1,"name":"Home","item":"https:\/\/gita-lampshades.eu\/"},{"@type":"ListItem","position":2,"name":"Shop","item":"https:\/\/gita-lampshades.eu\/hr\/shop\/"},{"@type":"ListItem","position":3,"name":"Teuta chanel little lamp"}]},{"@type":"WebSite","@id":"https:\/\/gita-lampshades.eu\/#website","url":"https:\/\/gita-lampshades.eu\/","name":"Gita Lampshades","description":"","publisher":{"@id":"https:\/\/gita-lampshades.eu\/#organization"},"potentialAction":[{"@type":"SearchAction","target":{"@type":"EntryPoint","urlTemplate":"https:\/\/gita-lampshades.eu\/?s={search_term_string}"},"query-input":{"@type":"PropertyValueSpecification","valueRequired":true,"valueName":"search_term_string"}}],"inLanguage":"hr"},{"@type":"Organization","@id":"https:\/\/gita-lampshades.eu\/#organization","name":"Gita Lampshades","url":"https:\/\/gita-lampshades.eu\/","logo":{"@type":"ImageObject","inLanguage":"hr","@id":"https:\/\/gita-lampshades.eu\/#\/schema\/logo\/image\/","url":"https:\/\/gita-lampshades.eu\/wp-content\/uploads\/2025\/06\/cropped-491195145_1745562156313025_6486678245729008846_n-1.png","contentUrl":"https:\/\/gita-lampshades.eu\/wp-content\/uploads\/2025\/06\/cropped-491195145_1745562156313025_6486678245729008846_n-1.png","width":800,"height":317,"caption":"Gita Lampshades"},"image":{"@id":"https:\/\/gita-lampshades.eu\/#\/schema\/logo\/image\/"}}]}},"_links":{"self":[{"href":"https:\/\/gita-lampshades.eu\/hr\/wp-json\/wp\/v2\/product\/2076","targetHints":{"allow":["GET"]}}],"collection":[{"href":"https:\/\/gita-lampshades.eu\/hr\/wp-json\/wp\/v2\/product"}],"about":[{"href":"https:\/\/gita-lampshades.eu\/hr\/wp-json\/wp\/v2\/types\/product"}],"replies":[{"embeddable":true,"href":"https:\/\/gita-lampshades.eu\/hr\/wp-json\/wp\/v2\/comments?post=2076"}],"version-history":[{"count":3,"href":"https:\/\/gita-lampshades.eu\/hr\/wp-json\/wp\/v2\/product\/2076\/revisions"}],"predecessor-version":[{"id":2449,"href":"https:\/\/gita-lampshades.eu\/hr\/wp-json\/wp\/v2\/product\/2076\/revisions\/2449"}],"wp:featuredmedia":[{"embeddable":true,"href":"https:\/\/gita-lampshades.eu\/hr\/wp-json\/wp\/v2\/media\/2078"}],"wp:attachment":[{"href":"https:\/\/gita-lampshades.eu\/hr\/wp-json\/wp\/v2\/media?parent=2076"}],"wp:term":[{"taxonomy":"product_brand","embeddable":true,"href":"https:\/\/gita-lampshades.eu\/hr\/wp-json\/wp\/v2\/product_brand?post=2076"},{"taxonomy":"product_cat","embeddable":true,"href":"https:\/\/gita-lampshades.eu\/hr\/wp-json\/wp\/v2\/product_cat?post=2076"},{"taxonomy":"product_tag","embeddable":true,"href":"https:\/\/gita-lampshades.eu\/hr\/wp-json\/wp\/v2\/product_tag?post=2076"}],"curies":[{"name":"wp","href":"https:\/\/api.w.org\/{rel}","templated":true}]}}