{"id":2130,"date":"2025-04-16T21:19:34","date_gmt":"2025-04-16T21:19:34","guid":{"rendered":"https:\/\/gita-lampshades.eu\/?post_type=product&#038;p=2130"},"modified":"2025-06-02T09:12:40","modified_gmt":"2025-06-02T09:12:40","slug":"sea-lampshade","status":"publish","type":"product","link":"https:\/\/gita-lampshades.eu\/hr\/proizvod\/sea-lampshade\/","title":{"rendered":"Stela sjenilo za lampu ili luster"},"content":{"rendered":"<div class=\"elementor-element elementor-element-433c070 e-flex e-con-boxed e-con e-parent e-lazyloaded\" data-id=\"433c070\" data-element_type=\"container\">\n<div class=\"e-con-inner\">\n<div class=\"elementor-element elementor-element-5e32af0 e-con-full e-flex e-con e-child\" data-id=\"5e32af0\" data-element_type=\"container\">\n<div class=\"elementor-element elementor-element-b0d7f7a elementor-widget elementor-widget-woocommerce-product-content\" data-id=\"b0d7f7a\" data-element_type=\"widget\" data-widget_type=\"woocommerce-product-content.default\">\n<div class=\"elementor-widget-container\">\n<p>Sjenilo je izra\u0111eno od visokokvalitetne dizajnerske tkanine , mje\u0161avine lana i pamuka, te bijelom vatrootpornom folijom s unutarnje strane.<br \/>\nSjenilo izgleda prekrasno kada je lampa upaljena i svjetlost prolazi kroz  uzorak \u0161to u prostoriju unosi zaista prelijep ugo\u0111aj.  Ovo sjenilo je dizajnirano da upotpunjuje i moderne i klasi\u010dne interijere. Ukoliko ga \u017eelite koristiti kao luster, molim da tu opciju odaberete u web trgovini.<\/p>\n<p>Sve moje lampe izra\u0111ene su u radionici u Hrvatskoj s puno ljubavi \u0161to \u0107ete, nadam se, i sami primjetiti. Ukoliko \u017eelite sjenilo ili lampu drugih dimenzija od ponu\u0111enih, slobodno nam se javite, zajedno \u0107emo odgovoriti na sve va\u0161e zahtjeve.<br \/>\nMoja sjenila imaju europski na\u010din monta\u017ee, tu mislim na na\u010din na koje sjenilo \"sjeda\" na grlo postolja, ali mo\u017eemo dodati adapter za ameri\u010dki na\u010din monta\u017ee (mo\u017eete vidjeti na zadnjoj slici) i tada ih mo\u017eete koristiti za sve vrste grla i na\u010dina na koji se sjenila pri\u010dvr\u0161\u0107uju za postolje.<br \/>\nAko imate druga\u010diji na\u010din monta\u017ee od europskog, poslat \u0107emo vam adapter. Imamo rje\u0161enje za svaku situaciju, vjerujte nam \ud83d\ude42<\/p>\n<p>U slu\u010daju da \u017eelite kompletnu lampu, molim da nas kontaktirate kako bismo vam pomogli u odabiru najpogodnijeg sjenila za va\u0161u lampu. Sva sjenila iz na\u0161e ponude mo\u017eete kombinirati sa postoljima koji se nalaze u web shopu.<\/p>\n<p class=\"translation-block\">Odr\u017eavanje: sjenilo prebri\u0161ite suhom krpom kako bi ostalo svje\u017ee ili mo\u017eete koristiti vla\u017ene maramice da biste lagano otklonili \u010destice pra\u0161ine sa sjenila.<\/p>\n<\/div>\n<\/div>\n<\/div>\n<\/div>\n<\/div>\n<div class=\"elementor-element elementor-element-1fc5256 e-flex e-con-boxed e-con e-parent e-lazyloaded\" data-id=\"1fc5256\" data-element_type=\"container\"><\/div>","protected":false},"excerpt":{"rendered":"<p>This lampshade is made of high quality linen\/cotton fabric with beautiful starfish print and laminated flame retardant clear PVC on [&hellip;]<\/p>","protected":false},"featured_media":2140,"comment_status":"open","ping_status":"closed","template":"","meta":{"site-sidebar-layout":"default","site-content-layout":"","ast-site-content-layout":"default","site-content-style":"default","site-sidebar-style":"default","ast-global-header-display":"","ast-banner-title-visibility":"","ast-main-header-display":"","ast-hfb-above-header-display":"","ast-hfb-below-header-display":"","ast-hfb-mobile-header-display":"","site-post-title":"","ast-breadcrumbs-content":"","ast-featured-img":"","footer-sml-layout":"","theme-transparent-header-meta":"default","adv-header-id-meta":"","stick-header-meta":"","header-above-stick-meta":"","header-main-stick-meta":"","header-below-stick-meta":"","astra-migrate-meta-layouts":"set","ast-page-background-enabled":"default","ast-page-background-meta":{"desktop":{"background-color":"var(--ast-global-color-4)","background-image":"","background-repeat":"repeat","background-position":"center center","background-size":"auto","background-attachment":"scroll","background-type":"","background-media":"","overlay-type":"","overlay-color":"","overlay-opacity":"","overlay-gradient":""},"tablet":{"background-color":"","background-image":"","background-repeat":"repeat","background-position":"center center","background-size":"auto","background-attachment":"scroll","background-type":"","background-media":"","overlay-type":"","overlay-color":"","overlay-opacity":"","overlay-gradient":""},"mobile":{"background-color":"","background-image":"","background-repeat":"repeat","background-position":"center center","background-size":"auto","background-attachment":"scroll","background-type":"","background-media":"","overlay-type":"","overlay-color":"","overlay-opacity":"","overlay-gradient":""}},"ast-content-background-meta":{"desktop":{"background-color":"var(--ast-global-color-5)","background-image":"","background-repeat":"repeat","background-position":"center center","background-size":"auto","background-attachment":"scroll","background-type":"","background-media":"","overlay-type":"","overlay-color":"","overlay-opacity":"","overlay-gradient":""},"tablet":{"background-color":"var(--ast-global-color-5)","background-image":"","background-repeat":"repeat","background-position":"center center","background-size":"auto","background-attachment":"scroll","background-type":"","background-media":"","overlay-type":"","overlay-color":"","overlay-opacity":"","overlay-gradient":""},"mobile":{"background-color":"var(--ast-global-color-5)","background-image":"","background-repeat":"repeat","background-position":"center center","background-size":"auto","background-attachment":"scroll","background-type":"","background-media":"","overlay-type":"","overlay-color":"","overlay-opacity":"","overlay-gradient":""}}},"product_brand":[],"product_cat":[27],"product_tag":[],"class_list":{"0":"post-2130","1":"product","2":"type-product","3":"status-publish","4":"has-post-thumbnail","6":"product_cat-lampshades","7":"pa_dimension-2020cm-8x8","8":"pa_dimension-20x27cm-8x10","9":"pa_dimension-25x21cm-10x8","10":"pa_dimension-30x23cm-12x9","11":"pa_dimension-30x24cm-12x9","12":"pa_dimension-35x15x25cm-14x6x10-2","13":"pa_dimension-35x24-14x10","14":"pa_dimension-40x30cm-16x12","15":"pa_dimension-45x30cm-16x12","16":"pa_style-ceiling","17":"pa_style-lamp","18":"desktop-align-center","19":"tablet-align-left","20":"mobile-align-left","22":"first","23":"instock","24":"shipping-taxable","25":"purchasable","26":"product-type-variable"},"yoast_head":"<!-- This site is optimized with the Yoast SEO plugin v25.6 - https:\/\/yoast.com\/wordpress\/plugins\/seo\/ -->\n<title>Stela sea lampshade - Gita Lampshades<\/title>\n<meta name=\"robots\" content=\"index, follow, max-snippet:-1, max-image-preview:large, max-video-preview:-1\" \/>\n<link rel=\"canonical\" href=\"https:\/\/gita-lampshades.eu\/hr\/proizvod\/sea-lampshade\/\" \/>\n<meta property=\"og:locale\" content=\"hr_HR\" \/>\n<meta property=\"og:type\" content=\"article\" \/>\n<meta property=\"og:title\" content=\"Stela sea lampshade - Gita Lampshades\" \/>\n<meta property=\"og:description\" content=\"This lampshade is made of high quality linen\/cotton fabric with beautiful starfish print and laminated flame retardant clear PVC on [&hellip;]\" \/>\n<meta property=\"og:url\" content=\"https:\/\/gita-lampshades.eu\/hr\/proizvod\/sea-lampshade\/\" \/>\n<meta property=\"og:site_name\" content=\"Gita Lampshades\" \/>\n<meta property=\"article:modified_time\" content=\"2025-06-02T09:12:40+00:00\" \/>\n<meta property=\"og:image\" content=\"https:\/\/gita-lampshades.eu\/wp-content\/uploads\/2025\/04\/MG_8924_resized.png\" \/>\n\t<meta property=\"og:image:width\" content=\"600\" \/>\n\t<meta property=\"og:image:height\" content=\"867\" \/>\n\t<meta property=\"og:image:type\" content=\"image\/png\" \/>\n<meta name=\"twitter:card\" content=\"summary_large_image\" \/>\n<meta name=\"twitter:label1\" content=\"Procijenjeno vrijeme \u010ditanja\" \/>\n\t<meta name=\"twitter:data1\" content=\"1 minuta\" \/>\n<script type=\"application\/ld+json\" class=\"yoast-schema-graph\">{\"@context\":\"https:\/\/schema.org\",\"@graph\":[{\"@type\":\"WebPage\",\"@id\":\"https:\/\/gita-lampshades.eu\/product\/sea-lampshade\/\",\"url\":\"https:\/\/gita-lampshades.eu\/product\/sea-lampshade\/\",\"name\":\"Stela sea lampshade - Gita Lampshades\",\"isPartOf\":{\"@id\":\"https:\/\/gita-lampshades.eu\/#website\"},\"primaryImageOfPage\":{\"@id\":\"https:\/\/gita-lampshades.eu\/product\/sea-lampshade\/#primaryimage\"},\"image\":{\"@id\":\"https:\/\/gita-lampshades.eu\/product\/sea-lampshade\/#primaryimage\"},\"thumbnailUrl\":\"https:\/\/gita-lampshades.eu\/wp-content\/uploads\/2025\/04\/MG_8924_resized.png\",\"datePublished\":\"2025-04-16T21:19:34+00:00\",\"dateModified\":\"2025-06-02T09:12:40+00:00\",\"breadcrumb\":{\"@id\":\"https:\/\/gita-lampshades.eu\/product\/sea-lampshade\/#breadcrumb\"},\"inLanguage\":\"hr\",\"potentialAction\":[{\"@type\":\"ReadAction\",\"target\":[\"https:\/\/gita-lampshades.eu\/product\/sea-lampshade\/\"]}]},{\"@type\":\"ImageObject\",\"inLanguage\":\"hr\",\"@id\":\"https:\/\/gita-lampshades.eu\/product\/sea-lampshade\/#primaryimage\",\"url\":\"https:\/\/gita-lampshades.eu\/wp-content\/uploads\/2025\/04\/MG_8924_resized.png\",\"contentUrl\":\"https:\/\/gita-lampshades.eu\/wp-content\/uploads\/2025\/04\/MG_8924_resized.png\",\"width\":600,\"height\":867,\"caption\":\"Stela sjenilo za luster ili lampu\"},{\"@type\":\"BreadcrumbList\",\"@id\":\"https:\/\/gita-lampshades.eu\/product\/sea-lampshade\/#breadcrumb\",\"itemListElement\":[{\"@type\":\"ListItem\",\"position\":1,\"name\":\"Home\",\"item\":\"https:\/\/gita-lampshades.eu\/\"},{\"@type\":\"ListItem\",\"position\":2,\"name\":\"Shop\",\"item\":\"https:\/\/gita-lampshades.eu\/hr\/shop\/\"},{\"@type\":\"ListItem\",\"position\":3,\"name\":\"Stela sea lampshade\"}]},{\"@type\":\"WebSite\",\"@id\":\"https:\/\/gita-lampshades.eu\/#website\",\"url\":\"https:\/\/gita-lampshades.eu\/\",\"name\":\"Gita Lampshades\",\"description\":\"\",\"publisher\":{\"@id\":\"https:\/\/gita-lampshades.eu\/#organization\"},\"potentialAction\":[{\"@type\":\"SearchAction\",\"target\":{\"@type\":\"EntryPoint\",\"urlTemplate\":\"https:\/\/gita-lampshades.eu\/?s={search_term_string}\"},\"query-input\":{\"@type\":\"PropertyValueSpecification\",\"valueRequired\":true,\"valueName\":\"search_term_string\"}}],\"inLanguage\":\"hr\"},{\"@type\":\"Organization\",\"@id\":\"https:\/\/gita-lampshades.eu\/#organization\",\"name\":\"Gita Lampshades\",\"url\":\"https:\/\/gita-lampshades.eu\/\",\"logo\":{\"@type\":\"ImageObject\",\"inLanguage\":\"hr\",\"@id\":\"https:\/\/gita-lampshades.eu\/#\/schema\/logo\/image\/\",\"url\":\"https:\/\/gita-lampshades.eu\/wp-content\/uploads\/2025\/06\/cropped-491195145_1745562156313025_6486678245729008846_n-1.png\",\"contentUrl\":\"https:\/\/gita-lampshades.eu\/wp-content\/uploads\/2025\/06\/cropped-491195145_1745562156313025_6486678245729008846_n-1.png\",\"width\":800,\"height\":317,\"caption\":\"Gita Lampshades\"},\"image\":{\"@id\":\"https:\/\/gita-lampshades.eu\/#\/schema\/logo\/image\/\"}}]}<\/script>\n<!-- \/ Yoast SEO plugin. -->","yoast_head_json":{"title":"Stela sea lampshade - Gita Lampshades","robots":{"index":"index","follow":"follow","max-snippet":"max-snippet:-1","max-image-preview":"max-image-preview:large","max-video-preview":"max-video-preview:-1"},"canonical":"https:\/\/gita-lampshades.eu\/hr\/proizvod\/sea-lampshade\/","og_locale":"hr_HR","og_type":"article","og_title":"Stela sea lampshade - Gita Lampshades","og_description":"This lampshade is made of high quality linen\/cotton fabric with beautiful starfish print and laminated flame retardant clear PVC on [&hellip;]","og_url":"https:\/\/gita-lampshades.eu\/hr\/proizvod\/sea-lampshade\/","og_site_name":"Gita Lampshades","article_modified_time":"2025-06-02T09:12:40+00:00","og_image":[{"width":600,"height":867,"url":"https:\/\/gita-lampshades.eu\/wp-content\/uploads\/2025\/04\/MG_8924_resized.png","type":"image\/png"}],"twitter_card":"summary_large_image","twitter_misc":{"Procijenjeno vrijeme \u010ditanja":"1 minuta"},"schema":{"@context":"https:\/\/schema.org","@graph":[{"@type":"WebPage","@id":"https:\/\/gita-lampshades.eu\/product\/sea-lampshade\/","url":"https:\/\/gita-lampshades.eu\/product\/sea-lampshade\/","name":"Stela sea lampshade - Gita Lampshades","isPartOf":{"@id":"https:\/\/gita-lampshades.eu\/#website"},"primaryImageOfPage":{"@id":"https:\/\/gita-lampshades.eu\/product\/sea-lampshade\/#primaryimage"},"image":{"@id":"https:\/\/gita-lampshades.eu\/product\/sea-lampshade\/#primaryimage"},"thumbnailUrl":"https:\/\/gita-lampshades.eu\/wp-content\/uploads\/2025\/04\/MG_8924_resized.png","datePublished":"2025-04-16T21:19:34+00:00","dateModified":"2025-06-02T09:12:40+00:00","breadcrumb":{"@id":"https:\/\/gita-lampshades.eu\/product\/sea-lampshade\/#breadcrumb"},"inLanguage":"hr","potentialAction":[{"@type":"ReadAction","target":["https:\/\/gita-lampshades.eu\/product\/sea-lampshade\/"]}]},{"@type":"ImageObject","inLanguage":"hr","@id":"https:\/\/gita-lampshades.eu\/product\/sea-lampshade\/#primaryimage","url":"https:\/\/gita-lampshades.eu\/wp-content\/uploads\/2025\/04\/MG_8924_resized.png","contentUrl":"https:\/\/gita-lampshades.eu\/wp-content\/uploads\/2025\/04\/MG_8924_resized.png","width":600,"height":867,"caption":"Stela sjenilo za luster ili lampu"},{"@type":"BreadcrumbList","@id":"https:\/\/gita-lampshades.eu\/product\/sea-lampshade\/#breadcrumb","itemListElement":[{"@type":"ListItem","position":1,"name":"Home","item":"https:\/\/gita-lampshades.eu\/"},{"@type":"ListItem","position":2,"name":"Shop","item":"https:\/\/gita-lampshades.eu\/hr\/shop\/"},{"@type":"ListItem","position":3,"name":"Stela sea lampshade"}]},{"@type":"WebSite","@id":"https:\/\/gita-lampshades.eu\/#website","url":"https:\/\/gita-lampshades.eu\/","name":"Gita Lampshades","description":"","publisher":{"@id":"https:\/\/gita-lampshades.eu\/#organization"},"potentialAction":[{"@type":"SearchAction","target":{"@type":"EntryPoint","urlTemplate":"https:\/\/gita-lampshades.eu\/?s={search_term_string}"},"query-input":{"@type":"PropertyValueSpecification","valueRequired":true,"valueName":"search_term_string"}}],"inLanguage":"hr"},{"@type":"Organization","@id":"https:\/\/gita-lampshades.eu\/#organization","name":"Gita Lampshades","url":"https:\/\/gita-lampshades.eu\/","logo":{"@type":"ImageObject","inLanguage":"hr","@id":"https:\/\/gita-lampshades.eu\/#\/schema\/logo\/image\/","url":"https:\/\/gita-lampshades.eu\/wp-content\/uploads\/2025\/06\/cropped-491195145_1745562156313025_6486678245729008846_n-1.png","contentUrl":"https:\/\/gita-lampshades.eu\/wp-content\/uploads\/2025\/06\/cropped-491195145_1745562156313025_6486678245729008846_n-1.png","width":800,"height":317,"caption":"Gita Lampshades"},"image":{"@id":"https:\/\/gita-lampshades.eu\/#\/schema\/logo\/image\/"}}]}},"_links":{"self":[{"href":"https:\/\/gita-lampshades.eu\/hr\/wp-json\/wp\/v2\/product\/2130","targetHints":{"allow":["GET"]}}],"collection":[{"href":"https:\/\/gita-lampshades.eu\/hr\/wp-json\/wp\/v2\/product"}],"about":[{"href":"https:\/\/gita-lampshades.eu\/hr\/wp-json\/wp\/v2\/types\/product"}],"replies":[{"embeddable":true,"href":"https:\/\/gita-lampshades.eu\/hr\/wp-json\/wp\/v2\/comments?post=2130"}],"version-history":[{"count":2,"href":"https:\/\/gita-lampshades.eu\/hr\/wp-json\/wp\/v2\/product\/2130\/revisions"}],"predecessor-version":[{"id":2440,"href":"https:\/\/gita-lampshades.eu\/hr\/wp-json\/wp\/v2\/product\/2130\/revisions\/2440"}],"wp:featuredmedia":[{"embeddable":true,"href":"https:\/\/gita-lampshades.eu\/hr\/wp-json\/wp\/v2\/media\/2140"}],"wp:attachment":[{"href":"https:\/\/gita-lampshades.eu\/hr\/wp-json\/wp\/v2\/media?parent=2130"}],"wp:term":[{"taxonomy":"product_brand","embeddable":true,"href":"https:\/\/gita-lampshades.eu\/hr\/wp-json\/wp\/v2\/product_brand?post=2130"},{"taxonomy":"product_cat","embeddable":true,"href":"https:\/\/gita-lampshades.eu\/hr\/wp-json\/wp\/v2\/product_cat?post=2130"},{"taxonomy":"product_tag","embeddable":true,"href":"https:\/\/gita-lampshades.eu\/hr\/wp-json\/wp\/v2\/product_tag?post=2130"}],"curies":[{"name":"wp","href":"https:\/\/api.w.org\/{rel}","templated":true}]}}