{"id":2301,"date":"2025-04-30T11:40:07","date_gmt":"2025-04-30T11:40:07","guid":{"rendered":"https:\/\/gita-lampshades.eu\/?post_type=product&#038;p=2301"},"modified":"2025-08-12T13:59:17","modified_gmt":"2025-08-12T13:59:17","slug":"flower-lampshade","status":"publish","type":"product","link":"https:\/\/gita-lampshades.eu\/hr\/proizvod\/flower-lampshade\/","title":{"rendered":"Marija cvjetno sjenilo za lampu ili luster"},"content":{"rendered":"<div class=\"elementor-element elementor-element-433c070 e-flex e-con-boxed e-con e-parent e-lazyloaded\" data-id=\"433c070\" data-element_type=\"container\">\n<div class=\"e-con-inner\">\n<div class=\"elementor-element elementor-element-5e32af0 e-con-full e-flex e-con e-child\" data-id=\"5e32af0\" data-element_type=\"container\">\n<div class=\"elementor-element elementor-element-b0d7f7a elementor-widget elementor-widget-woocommerce-product-content\" data-id=\"b0d7f7a\" data-element_type=\"widget\" data-widget_type=\"woocommerce-product-content.default\">\n<div class=\"elementor-widget-container\">\n<p>Sjenilo je izra\u0111eno od visokokvalitetne dizajnerske tkanine na kojoj se nalazi prekrasan cvjetni uzorak,  te bijelim laminiranim PVC-om otpornim na plamen s unutarnje strane.Vrlo je efektno kada je lampa upaljena i svjetlost prolazi kroz lijepi uzorak. Mo\u017ee se koristiti u svakoj prostoriji va\u0161eg doma, poslovnog prostora, ugostiteljskog objekta.\nOvo sjenilo dizajnirano je da se savr\u0161eno uklopi i u moderne i u klasi\u010dne interijere. Mo\u017ee se koristiti kao sjenilo za stolnu\/podnu lampu, ali i za luster.\n Ako ga trebate za luster, va\u017eno je da tu opciju odaberete u padaju\u0107em izborniku s desne strane trgovine.\n\ud83d\udd38 Molimo obratite pa\u017enju na dimenzije. One ozna\u010davaju: promjer \u00d7 visina.\nSjenilo mo\u017ee biti izra\u0111eno i u drugim dimenzijama. Slobodno nas kontaktirajte ako \u017eelite neki drugi oblik ili dimenziju.<span class=\"s2\"> Ivory glow gold-lined.<\/span><br \/>\nIt can be used in every room in your home. This lampsade is designed to complementh both, modern and classic interiors. This lampshade can be used for lamps as well as chandelier.<\/p>\n<p>Sve moje lampe izra\u0111ene su u radionici u Hrvatskoj s puno ljubavi \u0161to \u0107ete, nadam se, i sami primjetiti. Ukoliko \u017eelite sjenilo ili lampu drugih dimenzija od ponu\u0111enih, slobodno nam se javite, zajedno \u0107emo odgovoriti na sve va\u0161e zahtjeve.<br \/>\nMoja sjenila imaju europski na\u010din monta\u017ee, tu mislim na na\u010din na koje sjenilo \"sjeda\" na grlo postolja, ali mo\u017eemo dodati adapter za ameri\u010dki na\u010din monta\u017ee (mo\u017eete vidjeti na zadnjoj slici) i tada ih mo\u017eete koristiti za sve vrste grla i na\u010dina na koji se sjenila pri\u010dvr\u0161\u0107uju za postolje.<br \/>\nAko imate druga\u010diji na\u010din monta\u017ee od europskog, poslat \u0107emo vam adapter. Imamo rje\u0161enje za svaku situaciju, vjerujte nam \ud83d\ude42<\/p>\n<p>U slu\u010daju da trebate kompletnu lampu, mo\u017eete nas slobodno kontaktirati i bit \u0107e mi zadovoljstvo pomo\u0107i vam u odabiru. U na\u0161oj trgovini u dijelu \"stolne lampe\" prona\u0107i \u0107ete kompletnu lampu s ovakvim sjenilom, no ukoliko \u017eelite ne\u0161to drugo, slobodno nas kontaktirajte. Isto tako mo\u017eemo izraditi sjenilo druga\u010dijeg oblika u ovome dezenu. Potrebno nas je kontaktirani  kako bismo se dogovorili o tome \u0161to biste \u017eeljeli za va\u0161 prostor.<\/p>\n<p class=\"translation-block\">Odr\u017eavanje: sjenilo prebri\u0161ite suhom krpom kako bi ostalo svje\u017ee ili mo\u017eete koristiti vla\u017ene maramice da biste lagano otklonili \u010destice pra\u0161ine sa sjenila.<\/p>\n<\/div>\n<\/div>\n<\/div>\n<\/div>\n<\/div>\n<div class=\"elementor-element elementor-element-1fc5256 e-flex e-con-boxed e-con e-parent e-lazyloaded\" data-id=\"1fc5256\" data-element_type=\"container\"><\/div>","protected":false},"excerpt":{"rendered":"<p>This lampshade is made of high quality cotton fabric with beautiful flower print and Ivory glow gold-lined. It can be [&hellip;]<\/p>","protected":false},"featured_media":3035,"comment_status":"open","ping_status":"closed","template":"","meta":{"site-sidebar-layout":"default","site-content-layout":"","ast-site-content-layout":"default","site-content-style":"default","site-sidebar-style":"default","ast-global-header-display":"","ast-banner-title-visibility":"","ast-main-header-display":"","ast-hfb-above-header-display":"","ast-hfb-below-header-display":"","ast-hfb-mobile-header-display":"","site-post-title":"","ast-breadcrumbs-content":"","ast-featured-img":"","footer-sml-layout":"","theme-transparent-header-meta":"default","adv-header-id-meta":"","stick-header-meta":"","header-above-stick-meta":"","header-main-stick-meta":"","header-below-stick-meta":"","astra-migrate-meta-layouts":"set","ast-page-background-enabled":"default","ast-page-background-meta":{"desktop":{"background-color":"var(--ast-global-color-4)","background-image":"","background-repeat":"repeat","background-position":"center center","background-size":"auto","background-attachment":"scroll","background-type":"","background-media":"","overlay-type":"","overlay-color":"","overlay-opacity":"","overlay-gradient":""},"tablet":{"background-color":"","background-image":"","background-repeat":"repeat","background-position":"center center","background-size":"auto","background-attachment":"scroll","background-type":"","background-media":"","overlay-type":"","overlay-color":"","overlay-opacity":"","overlay-gradient":""},"mobile":{"background-color":"","background-image":"","background-repeat":"repeat","background-position":"center center","background-size":"auto","background-attachment":"scroll","background-type":"","background-media":"","overlay-type":"","overlay-color":"","overlay-opacity":"","overlay-gradient":""}},"ast-content-background-meta":{"desktop":{"background-color":"var(--ast-global-color-5)","background-image":"","background-repeat":"repeat","background-position":"center center","background-size":"auto","background-attachment":"scroll","background-type":"","background-media":"","overlay-type":"","overlay-color":"","overlay-opacity":"","overlay-gradient":""},"tablet":{"background-color":"var(--ast-global-color-5)","background-image":"","background-repeat":"repeat","background-position":"center center","background-size":"auto","background-attachment":"scroll","background-type":"","background-media":"","overlay-type":"","overlay-color":"","overlay-opacity":"","overlay-gradient":""},"mobile":{"background-color":"var(--ast-global-color-5)","background-image":"","background-repeat":"repeat","background-position":"center center","background-size":"auto","background-attachment":"scroll","background-type":"","background-media":"","overlay-type":"","overlay-color":"","overlay-opacity":"","overlay-gradient":""}}},"product_brand":[],"product_cat":[27],"product_tag":[],"class_list":{"0":"post-2301","1":"product","2":"type-product","3":"status-publish","4":"has-post-thumbnail","6":"product_cat-lampshades","7":"pa_dimension-40x27cm-16x11","8":"pa_style-ceiling","9":"pa_style-lamp","10":"desktop-align-center","11":"tablet-align-left","12":"mobile-align-left","14":"first","15":"instock","16":"shipping-taxable","17":"purchasable","18":"product-type-variable"},"yoast_head":"<!-- This site is optimized with the Yoast SEO plugin v25.6 - https:\/\/yoast.com\/wordpress\/plugins\/seo\/ -->\n<title>Maria flower lampshade - Gita Lampshades<\/title>\n<meta name=\"robots\" content=\"index, follow, max-snippet:-1, max-image-preview:large, max-video-preview:-1\" \/>\n<link rel=\"canonical\" href=\"https:\/\/gita-lampshades.eu\/hr\/proizvod\/flower-lampshade\/\" \/>\n<meta property=\"og:locale\" content=\"hr_HR\" \/>\n<meta property=\"og:type\" content=\"article\" \/>\n<meta property=\"og:title\" content=\"Maria flower lampshade - Gita Lampshades\" \/>\n<meta property=\"og:description\" content=\"This lampshade is made of high quality cotton fabric with beautiful flower print and Ivory glow gold-lined. It can be [&hellip;]\" \/>\n<meta property=\"og:url\" content=\"https:\/\/gita-lampshades.eu\/hr\/proizvod\/flower-lampshade\/\" \/>\n<meta property=\"og:site_name\" content=\"Gita Lampshades\" \/>\n<meta property=\"article:modified_time\" content=\"2025-08-12T13:59:17+00:00\" \/>\n<meta property=\"og:image\" content=\"https:\/\/gita-lampshades.eu\/wp-content\/uploads\/2025\/04\/Maria-cvjetno-sjenilo-okruglo.png\" \/>\n\t<meta property=\"og:image:width\" content=\"600\" \/>\n\t<meta property=\"og:image:height\" content=\"800\" \/>\n\t<meta property=\"og:image:type\" content=\"image\/png\" \/>\n<meta name=\"twitter:card\" content=\"summary_large_image\" \/>\n<meta name=\"twitter:label1\" content=\"Procijenjeno vrijeme \u010ditanja\" \/>\n\t<meta name=\"twitter:data1\" content=\"2 minute\" \/>\n<script type=\"application\/ld+json\" class=\"yoast-schema-graph\">{\"@context\":\"https:\/\/schema.org\",\"@graph\":[{\"@type\":\"WebPage\",\"@id\":\"https:\/\/gita-lampshades.eu\/product\/flower-lampshade\/\",\"url\":\"https:\/\/gita-lampshades.eu\/product\/flower-lampshade\/\",\"name\":\"Maria flower lampshade - Gita Lampshades\",\"isPartOf\":{\"@id\":\"https:\/\/gita-lampshades.eu\/#website\"},\"primaryImageOfPage\":{\"@id\":\"https:\/\/gita-lampshades.eu\/product\/flower-lampshade\/#primaryimage\"},\"image\":{\"@id\":\"https:\/\/gita-lampshades.eu\/product\/flower-lampshade\/#primaryimage\"},\"thumbnailUrl\":\"https:\/\/gita-lampshades.eu\/wp-content\/uploads\/2025\/04\/Maria-cvjetno-sjenilo-okruglo.png\",\"datePublished\":\"2025-04-30T11:40:07+00:00\",\"dateModified\":\"2025-08-12T13:59:17+00:00\",\"breadcrumb\":{\"@id\":\"https:\/\/gita-lampshades.eu\/product\/flower-lampshade\/#breadcrumb\"},\"inLanguage\":\"hr\",\"potentialAction\":[{\"@type\":\"ReadAction\",\"target\":[\"https:\/\/gita-lampshades.eu\/product\/flower-lampshade\/\"]}]},{\"@type\":\"ImageObject\",\"inLanguage\":\"hr\",\"@id\":\"https:\/\/gita-lampshades.eu\/product\/flower-lampshade\/#primaryimage\",\"url\":\"https:\/\/gita-lampshades.eu\/wp-content\/uploads\/2025\/04\/Maria-cvjetno-sjenilo-okruglo.png\",\"contentUrl\":\"https:\/\/gita-lampshades.eu\/wp-content\/uploads\/2025\/04\/Maria-cvjetno-sjenilo-okruglo.png\",\"width\":600,\"height\":800,\"caption\":\"Maria cvjetno sjenilo\"},{\"@type\":\"BreadcrumbList\",\"@id\":\"https:\/\/gita-lampshades.eu\/product\/flower-lampshade\/#breadcrumb\",\"itemListElement\":[{\"@type\":\"ListItem\",\"position\":1,\"name\":\"Home\",\"item\":\"https:\/\/gita-lampshades.eu\/\"},{\"@type\":\"ListItem\",\"position\":2,\"name\":\"Shop\",\"item\":\"https:\/\/gita-lampshades.eu\/hr\/shop\/\"},{\"@type\":\"ListItem\",\"position\":3,\"name\":\"Maria flower lampshade\"}]},{\"@type\":\"WebSite\",\"@id\":\"https:\/\/gita-lampshades.eu\/#website\",\"url\":\"https:\/\/gita-lampshades.eu\/\",\"name\":\"Gita Lampshades\",\"description\":\"\",\"publisher\":{\"@id\":\"https:\/\/gita-lampshades.eu\/#organization\"},\"potentialAction\":[{\"@type\":\"SearchAction\",\"target\":{\"@type\":\"EntryPoint\",\"urlTemplate\":\"https:\/\/gita-lampshades.eu\/?s={search_term_string}\"},\"query-input\":{\"@type\":\"PropertyValueSpecification\",\"valueRequired\":true,\"valueName\":\"search_term_string\"}}],\"inLanguage\":\"hr\"},{\"@type\":\"Organization\",\"@id\":\"https:\/\/gita-lampshades.eu\/#organization\",\"name\":\"Gita Lampshades\",\"url\":\"https:\/\/gita-lampshades.eu\/\",\"logo\":{\"@type\":\"ImageObject\",\"inLanguage\":\"hr\",\"@id\":\"https:\/\/gita-lampshades.eu\/#\/schema\/logo\/image\/\",\"url\":\"https:\/\/gita-lampshades.eu\/wp-content\/uploads\/2025\/06\/cropped-491195145_1745562156313025_6486678245729008846_n-1.png\",\"contentUrl\":\"https:\/\/gita-lampshades.eu\/wp-content\/uploads\/2025\/06\/cropped-491195145_1745562156313025_6486678245729008846_n-1.png\",\"width\":800,\"height\":317,\"caption\":\"Gita Lampshades\"},\"image\":{\"@id\":\"https:\/\/gita-lampshades.eu\/#\/schema\/logo\/image\/\"}}]}<\/script>\n<!-- \/ Yoast SEO plugin. -->","yoast_head_json":{"title":"Maria flower lampshade - Gita Lampshades","robots":{"index":"index","follow":"follow","max-snippet":"max-snippet:-1","max-image-preview":"max-image-preview:large","max-video-preview":"max-video-preview:-1"},"canonical":"https:\/\/gita-lampshades.eu\/hr\/proizvod\/flower-lampshade\/","og_locale":"hr_HR","og_type":"article","og_title":"Maria flower lampshade - Gita Lampshades","og_description":"This lampshade is made of high quality cotton fabric with beautiful flower print and Ivory glow gold-lined. It can be [&hellip;]","og_url":"https:\/\/gita-lampshades.eu\/hr\/proizvod\/flower-lampshade\/","og_site_name":"Gita Lampshades","article_modified_time":"2025-08-12T13:59:17+00:00","og_image":[{"width":600,"height":800,"url":"https:\/\/gita-lampshades.eu\/wp-content\/uploads\/2025\/04\/Maria-cvjetno-sjenilo-okruglo.png","type":"image\/png"}],"twitter_card":"summary_large_image","twitter_misc":{"Procijenjeno vrijeme \u010ditanja":"2 minute"},"schema":{"@context":"https:\/\/schema.org","@graph":[{"@type":"WebPage","@id":"https:\/\/gita-lampshades.eu\/product\/flower-lampshade\/","url":"https:\/\/gita-lampshades.eu\/product\/flower-lampshade\/","name":"Maria flower lampshade - Gita Lampshades","isPartOf":{"@id":"https:\/\/gita-lampshades.eu\/#website"},"primaryImageOfPage":{"@id":"https:\/\/gita-lampshades.eu\/product\/flower-lampshade\/#primaryimage"},"image":{"@id":"https:\/\/gita-lampshades.eu\/product\/flower-lampshade\/#primaryimage"},"thumbnailUrl":"https:\/\/gita-lampshades.eu\/wp-content\/uploads\/2025\/04\/Maria-cvjetno-sjenilo-okruglo.png","datePublished":"2025-04-30T11:40:07+00:00","dateModified":"2025-08-12T13:59:17+00:00","breadcrumb":{"@id":"https:\/\/gita-lampshades.eu\/product\/flower-lampshade\/#breadcrumb"},"inLanguage":"hr","potentialAction":[{"@type":"ReadAction","target":["https:\/\/gita-lampshades.eu\/product\/flower-lampshade\/"]}]},{"@type":"ImageObject","inLanguage":"hr","@id":"https:\/\/gita-lampshades.eu\/product\/flower-lampshade\/#primaryimage","url":"https:\/\/gita-lampshades.eu\/wp-content\/uploads\/2025\/04\/Maria-cvjetno-sjenilo-okruglo.png","contentUrl":"https:\/\/gita-lampshades.eu\/wp-content\/uploads\/2025\/04\/Maria-cvjetno-sjenilo-okruglo.png","width":600,"height":800,"caption":"Maria cvjetno sjenilo"},{"@type":"BreadcrumbList","@id":"https:\/\/gita-lampshades.eu\/product\/flower-lampshade\/#breadcrumb","itemListElement":[{"@type":"ListItem","position":1,"name":"Home","item":"https:\/\/gita-lampshades.eu\/"},{"@type":"ListItem","position":2,"name":"Shop","item":"https:\/\/gita-lampshades.eu\/hr\/shop\/"},{"@type":"ListItem","position":3,"name":"Maria flower lampshade"}]},{"@type":"WebSite","@id":"https:\/\/gita-lampshades.eu\/#website","url":"https:\/\/gita-lampshades.eu\/","name":"Gita Lampshades","description":"","publisher":{"@id":"https:\/\/gita-lampshades.eu\/#organization"},"potentialAction":[{"@type":"SearchAction","target":{"@type":"EntryPoint","urlTemplate":"https:\/\/gita-lampshades.eu\/?s={search_term_string}"},"query-input":{"@type":"PropertyValueSpecification","valueRequired":true,"valueName":"search_term_string"}}],"inLanguage":"hr"},{"@type":"Organization","@id":"https:\/\/gita-lampshades.eu\/#organization","name":"Gita Lampshades","url":"https:\/\/gita-lampshades.eu\/","logo":{"@type":"ImageObject","inLanguage":"hr","@id":"https:\/\/gita-lampshades.eu\/#\/schema\/logo\/image\/","url":"https:\/\/gita-lampshades.eu\/wp-content\/uploads\/2025\/06\/cropped-491195145_1745562156313025_6486678245729008846_n-1.png","contentUrl":"https:\/\/gita-lampshades.eu\/wp-content\/uploads\/2025\/06\/cropped-491195145_1745562156313025_6486678245729008846_n-1.png","width":800,"height":317,"caption":"Gita Lampshades"},"image":{"@id":"https:\/\/gita-lampshades.eu\/#\/schema\/logo\/image\/"}}]}},"_links":{"self":[{"href":"https:\/\/gita-lampshades.eu\/hr\/wp-json\/wp\/v2\/product\/2301","targetHints":{"allow":["GET"]}}],"collection":[{"href":"https:\/\/gita-lampshades.eu\/hr\/wp-json\/wp\/v2\/product"}],"about":[{"href":"https:\/\/gita-lampshades.eu\/hr\/wp-json\/wp\/v2\/types\/product"}],"replies":[{"embeddable":true,"href":"https:\/\/gita-lampshades.eu\/hr\/wp-json\/wp\/v2\/comments?post=2301"}],"version-history":[{"count":3,"href":"https:\/\/gita-lampshades.eu\/hr\/wp-json\/wp\/v2\/product\/2301\/revisions"}],"predecessor-version":[{"id":2427,"href":"https:\/\/gita-lampshades.eu\/hr\/wp-json\/wp\/v2\/product\/2301\/revisions\/2427"}],"wp:featuredmedia":[{"embeddable":true,"href":"https:\/\/gita-lampshades.eu\/hr\/wp-json\/wp\/v2\/media\/3035"}],"wp:attachment":[{"href":"https:\/\/gita-lampshades.eu\/hr\/wp-json\/wp\/v2\/media?parent=2301"}],"wp:term":[{"taxonomy":"product_brand","embeddable":true,"href":"https:\/\/gita-lampshades.eu\/hr\/wp-json\/wp\/v2\/product_brand?post=2301"},{"taxonomy":"product_cat","embeddable":true,"href":"https:\/\/gita-lampshades.eu\/hr\/wp-json\/wp\/v2\/product_cat?post=2301"},{"taxonomy":"product_tag","embeddable":true,"href":"https:\/\/gita-lampshades.eu\/hr\/wp-json\/wp\/v2\/product_tag?post=2301"}],"curies":[{"name":"wp","href":"https:\/\/api.w.org\/{rel}","templated":true}]}}