{"id":3344,"date":"2025-11-03T23:24:22","date_gmt":"2025-11-03T23:24:22","guid":{"rendered":"https:\/\/gita-lampshades.eu\/?post_type=product&#038;p=3344"},"modified":"2025-12-13T08:14:30","modified_gmt":"2025-12-13T08:14:30","slug":"mini-lampshade-christmas-lihgths","status":"publish","type":"product","link":"https:\/\/gita-lampshades.eu\/hr\/proizvod\/mini-lampshade-christmas-lihgths\/","title":{"rendered":"Mini ukrasne bo\u017ei\u0107ne lampice u nizu"},"content":{"rendered":"<p data-start=\"74\" data-end=\"530\">Ukrasite svoj dom ili poklonite dragoj osobi prekrasne ukrasne lampice koje se nalaze na svjetlosnom lancu. Na svjetle\u0107em lancu se nalazi 20, 30 ili 40 malih \u017earuljica, a na svakoj drugoj nalazi se ukrasno sjenilo, \u0161to zna\u010di da ukupno u lancu imamo 10, 15 ili 20 ukrasnih sjenila.\u00a0<br data-start=\"332\" data-end=\"335\" \/>Duljine svjetle\u0107eg lanca su slijede\u0107e:<\/p>\n<ul>\n<li data-start=\"74\" data-end=\"530\">1,9 m (10 ukrasnih sjenila) <span style=\"font-size: 16px;\">svjetlo je toplo \u017euto<\/span><\/li>\n<li data-start=\"74\" data-end=\"530\">4,3 m duljina (15 ukrasnih sjenila) svjetlo je toplo \u017euto<\/li>\n<li data-start=\"74\" data-end=\"530\">3,9 m duljina (20 ukrasnih sjenila) svjetlo je toplo \u017euto<\/li>\n<\/ul>\n<p data-start=\"74\" data-end=\"530\">Na donjem rubu ukrasnih sjenila nalazi se pli\u0161ana tamno crvena trakica koja im daje poseban blagdanski ugo\u0111aj.<\/p>\n<p data-start=\"74\" data-end=\"530\">Dimenzije ukrasnog sjenila:<strong data-start=\"154\" data-end=\"179\">:<\/strong> 6cm (visina x 6cm (promjer)<\/p>\n<p data-start=\"74\" data-end=\"530\">Lampice dolaze u lijepoj, prirodnoj, ukrasnoj kutiji te su izvrstan bo\u017ei\u0107ni poklon sebi ili dragoj osobi.<\/p>\n<p data-start=\"74\" data-end=\"530\">Lampice rade na baterije, ( AA baterije) koje nisu uklju\u010dene u cijenu. Ukoliko pak \u017eelite i baterije, javite se na mail radi dogovora.<\/p>","protected":false},"excerpt":{"rendered":"<p>The string features 20, 30 or 40 small bulbs, and every second bulb is decorated with a mini lampshade in [&hellip;]<\/p>","protected":false},"featured_media":3345,"comment_status":"open","ping_status":"closed","template":"","meta":{"site-sidebar-layout":"default","site-content-layout":"","ast-site-content-layout":"default","site-content-style":"default","site-sidebar-style":"default","ast-global-header-display":"","ast-banner-title-visibility":"","ast-main-header-display":"","ast-hfb-above-header-display":"","ast-hfb-below-header-display":"","ast-hfb-mobile-header-display":"","site-post-title":"","ast-breadcrumbs-content":"","ast-featured-img":"","footer-sml-layout":"","theme-transparent-header-meta":"default","adv-header-id-meta":"","stick-header-meta":"","header-above-stick-meta":"","header-main-stick-meta":"","header-below-stick-meta":"","astra-migrate-meta-layouts":"set","ast-page-background-enabled":"default","ast-page-background-meta":{"desktop":{"background-color":"var(--ast-global-color-4)","background-image":"","background-repeat":"repeat","background-position":"center center","background-size":"auto","background-attachment":"scroll","background-type":"","background-media":"","overlay-type":"","overlay-color":"","overlay-opacity":"","overlay-gradient":""},"tablet":{"background-color":"","background-image":"","background-repeat":"repeat","background-position":"center center","background-size":"auto","background-attachment":"scroll","background-type":"","background-media":"","overlay-type":"","overlay-color":"","overlay-opacity":"","overlay-gradient":""},"mobile":{"background-color":"","background-image":"","background-repeat":"repeat","background-position":"center center","background-size":"auto","background-attachment":"scroll","background-type":"","background-media":"","overlay-type":"","overlay-color":"","overlay-opacity":"","overlay-gradient":""}},"ast-content-background-meta":{"desktop":{"background-color":"var(--ast-global-color-5)","background-image":"","background-repeat":"repeat","background-position":"center center","background-size":"auto","background-attachment":"scroll","background-type":"","background-media":"","overlay-type":"","overlay-color":"","overlay-opacity":"","overlay-gradient":""},"tablet":{"background-color":"var(--ast-global-color-5)","background-image":"","background-repeat":"repeat","background-position":"center center","background-size":"auto","background-attachment":"scroll","background-type":"","background-media":"","overlay-type":"","overlay-color":"","overlay-opacity":"","overlay-gradient":""},"mobile":{"background-color":"var(--ast-global-color-5)","background-image":"","background-repeat":"repeat","background-position":"center center","background-size":"auto","background-attachment":"scroll","background-type":"","background-media":"","overlay-type":"","overlay-color":"","overlay-opacity":"","overlay-gradient":""}}},"product_brand":[],"product_cat":[46],"product_tag":[],"class_list":{"0":"post-3344","1":"product","2":"type-product","3":"status-publish","4":"has-post-thumbnail","6":"product_cat-fairy-lights","7":"pa_style-10-decorative-lampshades","8":"pa_style-15-decorative-lampshades","9":"pa_style-20-decorative-lampshades","10":"desktop-align-center","11":"tablet-align-left","12":"mobile-align-left","14":"first","15":"instock","16":"shipping-taxable","17":"purchasable","18":"product-type-variable"},"yoast_head":"<!-- This site is optimized with the Yoast SEO plugin v25.6 - https:\/\/yoast.com\/wordpress\/plugins\/seo\/ -->\n<title>Mini lampshade Christmas lihgts - Gita Lampshades<\/title>\n<meta name=\"robots\" content=\"index, follow, max-snippet:-1, max-image-preview:large, max-video-preview:-1\" \/>\n<link rel=\"canonical\" href=\"https:\/\/gita-lampshades.eu\/hr\/proizvod\/mini-lampshade-christmas-lihgths\/\" \/>\n<meta property=\"og:locale\" content=\"hr_HR\" \/>\n<meta property=\"og:type\" content=\"article\" \/>\n<meta property=\"og:title\" content=\"Mini lampshade Christmas lihgts - Gita Lampshades\" \/>\n<meta property=\"og:description\" content=\"The string features 20, 30 or 40 small bulbs, and every second bulb is decorated with a mini lampshade in [&hellip;]\" \/>\n<meta property=\"og:url\" content=\"https:\/\/gita-lampshades.eu\/hr\/proizvod\/mini-lampshade-christmas-lihgths\/\" \/>\n<meta property=\"og:site_name\" content=\"Gita Lampshades\" \/>\n<meta property=\"article:modified_time\" content=\"2025-12-13T08:14:30+00:00\" \/>\n<meta property=\"og:image\" content=\"https:\/\/gita-lampshades.eu\/wp-content\/uploads\/2025\/11\/christmas-lights-1.png\" \/>\n\t<meta property=\"og:image:width\" content=\"800\" \/>\n\t<meta property=\"og:image:height\" content=\"800\" \/>\n\t<meta property=\"og:image:type\" content=\"image\/png\" \/>\n<meta name=\"twitter:card\" content=\"summary_large_image\" \/>\n<meta name=\"twitter:label1\" content=\"Procijenjeno vrijeme \u010ditanja\" \/>\n\t<meta name=\"twitter:data1\" content=\"1 minuta\" \/>\n<script type=\"application\/ld+json\" class=\"yoast-schema-graph\">{\"@context\":\"https:\/\/schema.org\",\"@graph\":[{\"@type\":\"WebPage\",\"@id\":\"https:\/\/gita-lampshades.eu\/product\/mini-lampshade-christmas-lihgths\/\",\"url\":\"https:\/\/gita-lampshades.eu\/product\/mini-lampshade-christmas-lihgths\/\",\"name\":\"Mini lampshade Christmas lihgts - Gita Lampshades\",\"isPartOf\":{\"@id\":\"https:\/\/gita-lampshades.eu\/#website\"},\"primaryImageOfPage\":{\"@id\":\"https:\/\/gita-lampshades.eu\/product\/mini-lampshade-christmas-lihgths\/#primaryimage\"},\"image\":{\"@id\":\"https:\/\/gita-lampshades.eu\/product\/mini-lampshade-christmas-lihgths\/#primaryimage\"},\"thumbnailUrl\":\"https:\/\/gita-lampshades.eu\/wp-content\/uploads\/2025\/11\/christmas-lights-1.png\",\"datePublished\":\"2025-11-03T23:24:22+00:00\",\"dateModified\":\"2025-12-13T08:14:30+00:00\",\"breadcrumb\":{\"@id\":\"https:\/\/gita-lampshades.eu\/product\/mini-lampshade-christmas-lihgths\/#breadcrumb\"},\"inLanguage\":\"hr\",\"potentialAction\":[{\"@type\":\"ReadAction\",\"target\":[\"https:\/\/gita-lampshades.eu\/product\/mini-lampshade-christmas-lihgths\/\"]}]},{\"@type\":\"ImageObject\",\"inLanguage\":\"hr\",\"@id\":\"https:\/\/gita-lampshades.eu\/product\/mini-lampshade-christmas-lihgths\/#primaryimage\",\"url\":\"https:\/\/gita-lampshades.eu\/wp-content\/uploads\/2025\/11\/christmas-lights-1.png\",\"contentUrl\":\"https:\/\/gita-lampshades.eu\/wp-content\/uploads\/2025\/11\/christmas-lights-1.png\",\"width\":800,\"height\":800},{\"@type\":\"BreadcrumbList\",\"@id\":\"https:\/\/gita-lampshades.eu\/product\/mini-lampshade-christmas-lihgths\/#breadcrumb\",\"itemListElement\":[{\"@type\":\"ListItem\",\"position\":1,\"name\":\"Home\",\"item\":\"https:\/\/gita-lampshades.eu\/\"},{\"@type\":\"ListItem\",\"position\":2,\"name\":\"Shop\",\"item\":\"https:\/\/gita-lampshades.eu\/hr\/shop\/\"},{\"@type\":\"ListItem\",\"position\":3,\"name\":\"Mini lampshade Christmas lihgts\"}]},{\"@type\":\"WebSite\",\"@id\":\"https:\/\/gita-lampshades.eu\/#website\",\"url\":\"https:\/\/gita-lampshades.eu\/\",\"name\":\"Gita Lampshades\",\"description\":\"\",\"publisher\":{\"@id\":\"https:\/\/gita-lampshades.eu\/#organization\"},\"potentialAction\":[{\"@type\":\"SearchAction\",\"target\":{\"@type\":\"EntryPoint\",\"urlTemplate\":\"https:\/\/gita-lampshades.eu\/?s={search_term_string}\"},\"query-input\":{\"@type\":\"PropertyValueSpecification\",\"valueRequired\":true,\"valueName\":\"search_term_string\"}}],\"inLanguage\":\"hr\"},{\"@type\":\"Organization\",\"@id\":\"https:\/\/gita-lampshades.eu\/#organization\",\"name\":\"Gita Lampshades\",\"url\":\"https:\/\/gita-lampshades.eu\/\",\"logo\":{\"@type\":\"ImageObject\",\"inLanguage\":\"hr\",\"@id\":\"https:\/\/gita-lampshades.eu\/#\/schema\/logo\/image\/\",\"url\":\"https:\/\/gita-lampshades.eu\/wp-content\/uploads\/2025\/06\/cropped-491195145_1745562156313025_6486678245729008846_n-1.png\",\"contentUrl\":\"https:\/\/gita-lampshades.eu\/wp-content\/uploads\/2025\/06\/cropped-491195145_1745562156313025_6486678245729008846_n-1.png\",\"width\":800,\"height\":317,\"caption\":\"Gita Lampshades\"},\"image\":{\"@id\":\"https:\/\/gita-lampshades.eu\/#\/schema\/logo\/image\/\"}}]}<\/script>\n<!-- \/ Yoast SEO plugin. -->","yoast_head_json":{"title":"Mini lampshade Christmas lihgts - Gita Lampshades","robots":{"index":"index","follow":"follow","max-snippet":"max-snippet:-1","max-image-preview":"max-image-preview:large","max-video-preview":"max-video-preview:-1"},"canonical":"https:\/\/gita-lampshades.eu\/hr\/proizvod\/mini-lampshade-christmas-lihgths\/","og_locale":"hr_HR","og_type":"article","og_title":"Mini lampshade Christmas lihgts - Gita Lampshades","og_description":"The string features 20, 30 or 40 small bulbs, and every second bulb is decorated with a mini lampshade in [&hellip;]","og_url":"https:\/\/gita-lampshades.eu\/hr\/proizvod\/mini-lampshade-christmas-lihgths\/","og_site_name":"Gita Lampshades","article_modified_time":"2025-12-13T08:14:30+00:00","og_image":[{"width":800,"height":800,"url":"https:\/\/gita-lampshades.eu\/wp-content\/uploads\/2025\/11\/christmas-lights-1.png","type":"image\/png"}],"twitter_card":"summary_large_image","twitter_misc":{"Procijenjeno vrijeme \u010ditanja":"1 minuta"},"schema":{"@context":"https:\/\/schema.org","@graph":[{"@type":"WebPage","@id":"https:\/\/gita-lampshades.eu\/product\/mini-lampshade-christmas-lihgths\/","url":"https:\/\/gita-lampshades.eu\/product\/mini-lampshade-christmas-lihgths\/","name":"Mini lampshade Christmas lihgts - Gita Lampshades","isPartOf":{"@id":"https:\/\/gita-lampshades.eu\/#website"},"primaryImageOfPage":{"@id":"https:\/\/gita-lampshades.eu\/product\/mini-lampshade-christmas-lihgths\/#primaryimage"},"image":{"@id":"https:\/\/gita-lampshades.eu\/product\/mini-lampshade-christmas-lihgths\/#primaryimage"},"thumbnailUrl":"https:\/\/gita-lampshades.eu\/wp-content\/uploads\/2025\/11\/christmas-lights-1.png","datePublished":"2025-11-03T23:24:22+00:00","dateModified":"2025-12-13T08:14:30+00:00","breadcrumb":{"@id":"https:\/\/gita-lampshades.eu\/product\/mini-lampshade-christmas-lihgths\/#breadcrumb"},"inLanguage":"hr","potentialAction":[{"@type":"ReadAction","target":["https:\/\/gita-lampshades.eu\/product\/mini-lampshade-christmas-lihgths\/"]}]},{"@type":"ImageObject","inLanguage":"hr","@id":"https:\/\/gita-lampshades.eu\/product\/mini-lampshade-christmas-lihgths\/#primaryimage","url":"https:\/\/gita-lampshades.eu\/wp-content\/uploads\/2025\/11\/christmas-lights-1.png","contentUrl":"https:\/\/gita-lampshades.eu\/wp-content\/uploads\/2025\/11\/christmas-lights-1.png","width":800,"height":800},{"@type":"BreadcrumbList","@id":"https:\/\/gita-lampshades.eu\/product\/mini-lampshade-christmas-lihgths\/#breadcrumb","itemListElement":[{"@type":"ListItem","position":1,"name":"Home","item":"https:\/\/gita-lampshades.eu\/"},{"@type":"ListItem","position":2,"name":"Shop","item":"https:\/\/gita-lampshades.eu\/hr\/shop\/"},{"@type":"ListItem","position":3,"name":"Mini lampshade Christmas lihgts"}]},{"@type":"WebSite","@id":"https:\/\/gita-lampshades.eu\/#website","url":"https:\/\/gita-lampshades.eu\/","name":"Gita Lampshades","description":"","publisher":{"@id":"https:\/\/gita-lampshades.eu\/#organization"},"potentialAction":[{"@type":"SearchAction","target":{"@type":"EntryPoint","urlTemplate":"https:\/\/gita-lampshades.eu\/?s={search_term_string}"},"query-input":{"@type":"PropertyValueSpecification","valueRequired":true,"valueName":"search_term_string"}}],"inLanguage":"hr"},{"@type":"Organization","@id":"https:\/\/gita-lampshades.eu\/#organization","name":"Gita Lampshades","url":"https:\/\/gita-lampshades.eu\/","logo":{"@type":"ImageObject","inLanguage":"hr","@id":"https:\/\/gita-lampshades.eu\/#\/schema\/logo\/image\/","url":"https:\/\/gita-lampshades.eu\/wp-content\/uploads\/2025\/06\/cropped-491195145_1745562156313025_6486678245729008846_n-1.png","contentUrl":"https:\/\/gita-lampshades.eu\/wp-content\/uploads\/2025\/06\/cropped-491195145_1745562156313025_6486678245729008846_n-1.png","width":800,"height":317,"caption":"Gita Lampshades"},"image":{"@id":"https:\/\/gita-lampshades.eu\/#\/schema\/logo\/image\/"}}]}},"_links":{"self":[{"href":"https:\/\/gita-lampshades.eu\/hr\/wp-json\/wp\/v2\/product\/3344","targetHints":{"allow":["GET"]}}],"collection":[{"href":"https:\/\/gita-lampshades.eu\/hr\/wp-json\/wp\/v2\/product"}],"about":[{"href":"https:\/\/gita-lampshades.eu\/hr\/wp-json\/wp\/v2\/types\/product"}],"replies":[{"embeddable":true,"href":"https:\/\/gita-lampshades.eu\/hr\/wp-json\/wp\/v2\/comments?post=3344"}],"version-history":[{"count":4,"href":"https:\/\/gita-lampshades.eu\/hr\/wp-json\/wp\/v2\/product\/3344\/revisions"}],"predecessor-version":[{"id":3356,"href":"https:\/\/gita-lampshades.eu\/hr\/wp-json\/wp\/v2\/product\/3344\/revisions\/3356"}],"wp:featuredmedia":[{"embeddable":true,"href":"https:\/\/gita-lampshades.eu\/hr\/wp-json\/wp\/v2\/media\/3345"}],"wp:attachment":[{"href":"https:\/\/gita-lampshades.eu\/hr\/wp-json\/wp\/v2\/media?parent=3344"}],"wp:term":[{"taxonomy":"product_brand","embeddable":true,"href":"https:\/\/gita-lampshades.eu\/hr\/wp-json\/wp\/v2\/product_brand?post=3344"},{"taxonomy":"product_cat","embeddable":true,"href":"https:\/\/gita-lampshades.eu\/hr\/wp-json\/wp\/v2\/product_cat?post=3344"},{"taxonomy":"product_tag","embeddable":true,"href":"https:\/\/gita-lampshades.eu\/hr\/wp-json\/wp\/v2\/product_tag?post=3344"}],"curies":[{"name":"wp","href":"https:\/\/api.w.org\/{rel}","templated":true}]}}