{"id":3534,"date":"2026-01-09T12:00:53","date_gmt":"2026-01-09T12:00:53","guid":{"rendered":"https:\/\/gita-lampshades.eu\/?post_type=product&#038;p=3534"},"modified":"2026-02-27T16:53:50","modified_gmt":"2026-02-27T15:53:50","slug":"double-sided-lampshade-workshop-zagreb","status":"publish","type":"product","link":"https:\/\/gita-lampshades.eu\/hr\/proizvod\/double-sided-lampshade-workshop-zagreb\/","title":{"rendered":"Radionica izrade DVOSTRANOG sjenila Zagreb, 19.02.2026."},"content":{"rendered":"<p data-start=\"1371\" data-end=\"1591\">Na <strong data-start=\"1381\" data-end=\"1416\">radionici izrade dvostranog sjenila<\/strong>zajedno \u0107emo raditi  sjenila <strong data-start=\"1445\" data-end=\"1503\">koja su oblo\u017eena tkaninom s unutarnje i vanjske strane,<\/strong>\u0161to sjenilu daje posebnost i u interijer donosi zaista poseban ugo\u0111aj.<\/p>\n<p data-start=\"1593\" data-end=\"1805\">Na radionici \u0107e polaznici izraditi <strong data-start=\"1688\" data-end=\"1708\">unikatno sjenilo<\/strong> u nekoliko veli\u010dina koje mo\u017eete odabrati u izborniku desno.<\/p>\n<p data-start=\"1807\" data-end=\"1874\">Sav <strong data-start=\"1811\" data-end=\"1873\">alat i materijal potrebni za radionicu su osigurani.<\/strong>.<\/p>\n<h3 data-start=\"1876\" data-end=\"1906\">Polaznici \u0107e na radionici dobiti:<\/h3>\n<ul data-start=\"1907\" data-end=\"2009\">\n<li data-start=\"1907\" data-end=\"1941\">\n<p data-start=\"1909\" data-end=\"1941\">komplet okvira za sjenila<\/p>\n<\/li>\n<li data-start=\"1942\" data-end=\"1956\">\n<p data-start=\"1944\" data-end=\"1956\">vatrootporna foliju<\/p>\n<\/li>\n<li data-start=\"1957\" data-end=\"1967\">\n<p data-start=\"1959\" data-end=\"1967\">tkaninu<\/p>\n<\/li>\n<li data-start=\"1968\" data-end=\"1991\">\n<p data-start=\"1970\" data-end=\"1991\">alat za podvla\u010denje tkanine<\/p>\n<\/li>\n<li data-start=\"1992\" data-end=\"2009\">\n<p data-start=\"1994\" data-end=\"2009\">ljepljivu traku<\/p>\n<\/li>\n<\/ul>\n<p data-start=\"2011\" data-end=\"2143\">Uz moju pomo\u0107 i potporu <strong data-start=\"2041\" data-end=\"2142\">zajedno \u0107emo izraditi sjenilo koje \u0107ete ponijeti u svoj dom. Neopisiv je osje\u0107aj kada sjenilo koje ste sami izradili donesete u svoj interijer i uklju\u010dite lampu. Jedva \u010dekam va\u0161e dojmove.<\/strong>.<\/p>\n<p data-start=\"2145\" data-end=\"2281\">Radionica je namijenjena <strong data-start=\"2174\" data-end=\"2184\">odraslima<\/strong>i <strong data-start=\"2190\" data-end=\"2225\">nije potrebno nikakvo ranije iskustvo.<\/strong> samo pozitivan stav i dobra volja za kreativnim stvaranjem.<\/p>\n<p data-start=\"2145\" data-end=\"2281\">Datum odr\u017eavanja: 19.02.2026.<\/p>\n<p data-start=\"2145\" data-end=\"2281\">Vrijeme odr\u017eavanja: 17:30<\/p>\n<p data-start=\"2283\" data-end=\"2372\">\ud83d\udccd <strong data-start=\"2286\" data-end=\"2299\">Mjesto odr\u017eavanja:<\/strong><br data-start=\"2299\" data-end=\"2302\" \/>Gjure Szaba 4, Zagreb<br data-start=\"2323\" data-end=\"2326\" \/>\u010crnomerec - kod okreti\u0161ta, \u0161kola Linigra.<\/p>\n<p data-start=\"2374\" data-end=\"2433\">\u23f1 <strong data-start=\"2376\" data-end=\"2389\">Trajanje:<\/strong><br data-start=\"2389\" data-end=\"2392\" \/>3 sata<br data-start=\"2399\" data-end=\"2402\" \/>u koliko je potrebno, ostajemo i du\u017ee.<\/p>\n<p data-start=\"2435\" data-end=\"2503\">Molim da obratite pa\u017enju kod prijave i odaberet jedan od datuma odr\u017eavanja radionice. Radujem se va\u0161em dolasku i na\u0161em zajedni\u010dkom stvaranju.<\/p>","protected":false},"excerpt":{"rendered":"<p>This is a double-sided lampshade workshop, meaning the lampshades are covered with fabric on both the inside and the outside, [&hellip;]<\/p>","protected":false},"featured_media":3535,"comment_status":"open","ping_status":"closed","template":"","meta":{"site-sidebar-layout":"default","site-content-layout":"","ast-site-content-layout":"default","site-content-style":"default","site-sidebar-style":"default","ast-global-header-display":"","ast-banner-title-visibility":"","ast-main-header-display":"","ast-hfb-above-header-display":"","ast-hfb-below-header-display":"","ast-hfb-mobile-header-display":"","site-post-title":"","ast-breadcrumbs-content":"","ast-featured-img":"","footer-sml-layout":"","theme-transparent-header-meta":"default","adv-header-id-meta":"","stick-header-meta":"","header-above-stick-meta":"","header-main-stick-meta":"","header-below-stick-meta":"","astra-migrate-meta-layouts":"set","ast-page-background-enabled":"default","ast-page-background-meta":{"desktop":{"background-color":"var(--ast-global-color-4)","background-image":"","background-repeat":"repeat","background-position":"center center","background-size":"auto","background-attachment":"scroll","background-type":"","background-media":"","overlay-type":"","overlay-color":"","overlay-opacity":"","overlay-gradient":""},"tablet":{"background-color":"","background-image":"","background-repeat":"repeat","background-position":"center center","background-size":"auto","background-attachment":"scroll","background-type":"","background-media":"","overlay-type":"","overlay-color":"","overlay-opacity":"","overlay-gradient":""},"mobile":{"background-color":"","background-image":"","background-repeat":"repeat","background-position":"center center","background-size":"auto","background-attachment":"scroll","background-type":"","background-media":"","overlay-type":"","overlay-color":"","overlay-opacity":"","overlay-gradient":""}},"ast-content-background-meta":{"desktop":{"background-color":"var(--ast-global-color-5)","background-image":"","background-repeat":"repeat","background-position":"center center","background-size":"auto","background-attachment":"scroll","background-type":"","background-media":"","overlay-type":"","overlay-color":"","overlay-opacity":"","overlay-gradient":""},"tablet":{"background-color":"var(--ast-global-color-5)","background-image":"","background-repeat":"repeat","background-position":"center center","background-size":"auto","background-attachment":"scroll","background-type":"","background-media":"","overlay-type":"","overlay-color":"","overlay-opacity":"","overlay-gradient":""},"mobile":{"background-color":"var(--ast-global-color-5)","background-image":"","background-repeat":"repeat","background-position":"center center","background-size":"auto","background-attachment":"scroll","background-type":"","background-media":"","overlay-type":"","overlay-color":"","overlay-opacity":"","overlay-gradient":""}}},"product_brand":[],"product_cat":[47],"product_tag":[],"class_list":{"0":"post-3534","1":"product","2":"type-product","3":"status-publish","4":"has-post-thumbnail","6":"product_cat-workshop","7":"desktop-align-center","8":"tablet-align-left","9":"mobile-align-left","11":"first","12":"instock","13":"shipping-taxable","14":"purchasable","15":"product-type-variable"},"yoast_head":"<!-- This site is optimized with the Yoast SEO plugin v25.6 - https:\/\/yoast.com\/wordpress\/plugins\/seo\/ -->\n<title>Double sided lampshade making workshop Zagreb 19.02.2026. - Gita Lampshades<\/title>\n<meta name=\"robots\" content=\"index, follow, max-snippet:-1, max-image-preview:large, max-video-preview:-1\" \/>\n<link rel=\"canonical\" href=\"https:\/\/gita-lampshades.eu\/hr\/proizvod\/double-sided-lampshade-workshop-zagreb\/\" \/>\n<meta property=\"og:locale\" content=\"hr_HR\" \/>\n<meta property=\"og:type\" content=\"article\" \/>\n<meta property=\"og:title\" content=\"Double sided lampshade making workshop Zagreb 19.02.2026. - Gita Lampshades\" \/>\n<meta property=\"og:description\" content=\"This is a double-sided lampshade workshop, meaning the lampshades are covered with fabric on both the inside and the outside, [&hellip;]\" \/>\n<meta property=\"og:url\" content=\"https:\/\/gita-lampshades.eu\/hr\/proizvod\/double-sided-lampshade-workshop-zagreb\/\" \/>\n<meta property=\"og:site_name\" content=\"Gita Lampshades\" \/>\n<meta property=\"article:modified_time\" content=\"2026-02-27T15:53:50+00:00\" \/>\n<meta property=\"og:image\" content=\"https:\/\/gita-lampshades.eu\/wp-content\/uploads\/2026\/01\/Dizajn-bez-naslova-13.jpg\" \/>\n\t<meta property=\"og:image:width\" content=\"1080\" \/>\n\t<meta property=\"og:image:height\" content=\"1080\" \/>\n\t<meta property=\"og:image:type\" content=\"image\/jpeg\" \/>\n<meta name=\"twitter:card\" content=\"summary_large_image\" \/>\n<meta name=\"twitter:label1\" content=\"Procijenjeno vrijeme \u010ditanja\" \/>\n\t<meta name=\"twitter:data1\" content=\"1 minuta\" \/>\n<script type=\"application\/ld+json\" class=\"yoast-schema-graph\">{\"@context\":\"https:\/\/schema.org\",\"@graph\":[{\"@type\":\"WebPage\",\"@id\":\"https:\/\/gita-lampshades.eu\/product\/double-sided-lampshade-workshop-zagreb\/\",\"url\":\"https:\/\/gita-lampshades.eu\/product\/double-sided-lampshade-workshop-zagreb\/\",\"name\":\"Double sided lampshade making workshop Zagreb 19.02.2026. - Gita Lampshades\",\"isPartOf\":{\"@id\":\"https:\/\/gita-lampshades.eu\/#website\"},\"primaryImageOfPage\":{\"@id\":\"https:\/\/gita-lampshades.eu\/product\/double-sided-lampshade-workshop-zagreb\/#primaryimage\"},\"image\":{\"@id\":\"https:\/\/gita-lampshades.eu\/product\/double-sided-lampshade-workshop-zagreb\/#primaryimage\"},\"thumbnailUrl\":\"https:\/\/gita-lampshades.eu\/wp-content\/uploads\/2026\/01\/Dizajn-bez-naslova-13.jpg\",\"datePublished\":\"2026-01-09T12:00:53+00:00\",\"dateModified\":\"2026-02-27T15:53:50+00:00\",\"breadcrumb\":{\"@id\":\"https:\/\/gita-lampshades.eu\/product\/double-sided-lampshade-workshop-zagreb\/#breadcrumb\"},\"inLanguage\":\"hr\",\"potentialAction\":[{\"@type\":\"ReadAction\",\"target\":[\"https:\/\/gita-lampshades.eu\/product\/double-sided-lampshade-workshop-zagreb\/\"]}]},{\"@type\":\"ImageObject\",\"inLanguage\":\"hr\",\"@id\":\"https:\/\/gita-lampshades.eu\/product\/double-sided-lampshade-workshop-zagreb\/#primaryimage\",\"url\":\"https:\/\/gita-lampshades.eu\/wp-content\/uploads\/2026\/01\/Dizajn-bez-naslova-13.jpg\",\"contentUrl\":\"https:\/\/gita-lampshades.eu\/wp-content\/uploads\/2026\/01\/Dizajn-bez-naslova-13.jpg\",\"width\":1080,\"height\":1080},{\"@type\":\"BreadcrumbList\",\"@id\":\"https:\/\/gita-lampshades.eu\/product\/double-sided-lampshade-workshop-zagreb\/#breadcrumb\",\"itemListElement\":[{\"@type\":\"ListItem\",\"position\":1,\"name\":\"Home\",\"item\":\"https:\/\/gita-lampshades.eu\/\"},{\"@type\":\"ListItem\",\"position\":2,\"name\":\"Shop\",\"item\":\"https:\/\/gita-lampshades.eu\/hr\/shop\/\"},{\"@type\":\"ListItem\",\"position\":3,\"name\":\"Double sided lampshade making workshop Zagreb 19.02.2026.\"}]},{\"@type\":\"WebSite\",\"@id\":\"https:\/\/gita-lampshades.eu\/#website\",\"url\":\"https:\/\/gita-lampshades.eu\/\",\"name\":\"Gita Lampshades\",\"description\":\"\",\"publisher\":{\"@id\":\"https:\/\/gita-lampshades.eu\/#organization\"},\"potentialAction\":[{\"@type\":\"SearchAction\",\"target\":{\"@type\":\"EntryPoint\",\"urlTemplate\":\"https:\/\/gita-lampshades.eu\/?s={search_term_string}\"},\"query-input\":{\"@type\":\"PropertyValueSpecification\",\"valueRequired\":true,\"valueName\":\"search_term_string\"}}],\"inLanguage\":\"hr\"},{\"@type\":\"Organization\",\"@id\":\"https:\/\/gita-lampshades.eu\/#organization\",\"name\":\"Gita Lampshades\",\"url\":\"https:\/\/gita-lampshades.eu\/\",\"logo\":{\"@type\":\"ImageObject\",\"inLanguage\":\"hr\",\"@id\":\"https:\/\/gita-lampshades.eu\/#\/schema\/logo\/image\/\",\"url\":\"https:\/\/gita-lampshades.eu\/wp-content\/uploads\/2025\/06\/cropped-491195145_1745562156313025_6486678245729008846_n-1.png\",\"contentUrl\":\"https:\/\/gita-lampshades.eu\/wp-content\/uploads\/2025\/06\/cropped-491195145_1745562156313025_6486678245729008846_n-1.png\",\"width\":800,\"height\":317,\"caption\":\"Gita Lampshades\"},\"image\":{\"@id\":\"https:\/\/gita-lampshades.eu\/#\/schema\/logo\/image\/\"}}]}<\/script>\n<!-- \/ Yoast SEO plugin. -->","yoast_head_json":{"title":"Double sided lampshade making workshop Zagreb 19.02.2026. - Gita Lampshades","robots":{"index":"index","follow":"follow","max-snippet":"max-snippet:-1","max-image-preview":"max-image-preview:large","max-video-preview":"max-video-preview:-1"},"canonical":"https:\/\/gita-lampshades.eu\/hr\/proizvod\/double-sided-lampshade-workshop-zagreb\/","og_locale":"hr_HR","og_type":"article","og_title":"Double sided lampshade making workshop Zagreb 19.02.2026. - Gita Lampshades","og_description":"This is a double-sided lampshade workshop, meaning the lampshades are covered with fabric on both the inside and the outside, [&hellip;]","og_url":"https:\/\/gita-lampshades.eu\/hr\/proizvod\/double-sided-lampshade-workshop-zagreb\/","og_site_name":"Gita Lampshades","article_modified_time":"2026-02-27T15:53:50+00:00","og_image":[{"width":1080,"height":1080,"url":"https:\/\/gita-lampshades.eu\/wp-content\/uploads\/2026\/01\/Dizajn-bez-naslova-13.jpg","type":"image\/jpeg"}],"twitter_card":"summary_large_image","twitter_misc":{"Procijenjeno vrijeme \u010ditanja":"1 minuta"},"schema":{"@context":"https:\/\/schema.org","@graph":[{"@type":"WebPage","@id":"https:\/\/gita-lampshades.eu\/product\/double-sided-lampshade-workshop-zagreb\/","url":"https:\/\/gita-lampshades.eu\/product\/double-sided-lampshade-workshop-zagreb\/","name":"Double sided lampshade making workshop Zagreb 19.02.2026. - Gita Lampshades","isPartOf":{"@id":"https:\/\/gita-lampshades.eu\/#website"},"primaryImageOfPage":{"@id":"https:\/\/gita-lampshades.eu\/product\/double-sided-lampshade-workshop-zagreb\/#primaryimage"},"image":{"@id":"https:\/\/gita-lampshades.eu\/product\/double-sided-lampshade-workshop-zagreb\/#primaryimage"},"thumbnailUrl":"https:\/\/gita-lampshades.eu\/wp-content\/uploads\/2026\/01\/Dizajn-bez-naslova-13.jpg","datePublished":"2026-01-09T12:00:53+00:00","dateModified":"2026-02-27T15:53:50+00:00","breadcrumb":{"@id":"https:\/\/gita-lampshades.eu\/product\/double-sided-lampshade-workshop-zagreb\/#breadcrumb"},"inLanguage":"hr","potentialAction":[{"@type":"ReadAction","target":["https:\/\/gita-lampshades.eu\/product\/double-sided-lampshade-workshop-zagreb\/"]}]},{"@type":"ImageObject","inLanguage":"hr","@id":"https:\/\/gita-lampshades.eu\/product\/double-sided-lampshade-workshop-zagreb\/#primaryimage","url":"https:\/\/gita-lampshades.eu\/wp-content\/uploads\/2026\/01\/Dizajn-bez-naslova-13.jpg","contentUrl":"https:\/\/gita-lampshades.eu\/wp-content\/uploads\/2026\/01\/Dizajn-bez-naslova-13.jpg","width":1080,"height":1080},{"@type":"BreadcrumbList","@id":"https:\/\/gita-lampshades.eu\/product\/double-sided-lampshade-workshop-zagreb\/#breadcrumb","itemListElement":[{"@type":"ListItem","position":1,"name":"Home","item":"https:\/\/gita-lampshades.eu\/"},{"@type":"ListItem","position":2,"name":"Shop","item":"https:\/\/gita-lampshades.eu\/hr\/shop\/"},{"@type":"ListItem","position":3,"name":"Double sided lampshade making workshop Zagreb 19.02.2026."}]},{"@type":"WebSite","@id":"https:\/\/gita-lampshades.eu\/#website","url":"https:\/\/gita-lampshades.eu\/","name":"Gita Lampshades","description":"","publisher":{"@id":"https:\/\/gita-lampshades.eu\/#organization"},"potentialAction":[{"@type":"SearchAction","target":{"@type":"EntryPoint","urlTemplate":"https:\/\/gita-lampshades.eu\/?s={search_term_string}"},"query-input":{"@type":"PropertyValueSpecification","valueRequired":true,"valueName":"search_term_string"}}],"inLanguage":"hr"},{"@type":"Organization","@id":"https:\/\/gita-lampshades.eu\/#organization","name":"Gita Lampshades","url":"https:\/\/gita-lampshades.eu\/","logo":{"@type":"ImageObject","inLanguage":"hr","@id":"https:\/\/gita-lampshades.eu\/#\/schema\/logo\/image\/","url":"https:\/\/gita-lampshades.eu\/wp-content\/uploads\/2025\/06\/cropped-491195145_1745562156313025_6486678245729008846_n-1.png","contentUrl":"https:\/\/gita-lampshades.eu\/wp-content\/uploads\/2025\/06\/cropped-491195145_1745562156313025_6486678245729008846_n-1.png","width":800,"height":317,"caption":"Gita Lampshades"},"image":{"@id":"https:\/\/gita-lampshades.eu\/#\/schema\/logo\/image\/"}}]}},"_links":{"self":[{"href":"https:\/\/gita-lampshades.eu\/hr\/wp-json\/wp\/v2\/product\/3534","targetHints":{"allow":["GET"]}}],"collection":[{"href":"https:\/\/gita-lampshades.eu\/hr\/wp-json\/wp\/v2\/product"}],"about":[{"href":"https:\/\/gita-lampshades.eu\/hr\/wp-json\/wp\/v2\/types\/product"}],"replies":[{"embeddable":true,"href":"https:\/\/gita-lampshades.eu\/hr\/wp-json\/wp\/v2\/comments?post=3534"}],"version-history":[{"count":3,"href":"https:\/\/gita-lampshades.eu\/hr\/wp-json\/wp\/v2\/product\/3534\/revisions"}],"predecessor-version":[{"id":3541,"href":"https:\/\/gita-lampshades.eu\/hr\/wp-json\/wp\/v2\/product\/3534\/revisions\/3541"}],"wp:featuredmedia":[{"embeddable":true,"href":"https:\/\/gita-lampshades.eu\/hr\/wp-json\/wp\/v2\/media\/3535"}],"wp:attachment":[{"href":"https:\/\/gita-lampshades.eu\/hr\/wp-json\/wp\/v2\/media?parent=3534"}],"wp:term":[{"taxonomy":"product_brand","embeddable":true,"href":"https:\/\/gita-lampshades.eu\/hr\/wp-json\/wp\/v2\/product_brand?post=3534"},{"taxonomy":"product_cat","embeddable":true,"href":"https:\/\/gita-lampshades.eu\/hr\/wp-json\/wp\/v2\/product_cat?post=3534"},{"taxonomy":"product_tag","embeddable":true,"href":"https:\/\/gita-lampshades.eu\/hr\/wp-json\/wp\/v2\/product_tag?post=3534"}],"curies":[{"name":"wp","href":"https:\/\/api.w.org\/{rel}","templated":true}]}}