{"id":3600,"date":"2026-01-22T13:05:17","date_gmt":"2026-01-22T13:05:17","guid":{"rendered":"https:\/\/gita-lampshades.eu\/?post_type=product&#038;p=3600"},"modified":"2026-04-13T15:34:49","modified_gmt":"2026-04-13T14:34:49","slug":"lampshade-making-workshop-rijeka-28-02-2026","status":"publish","type":"product","link":"https:\/\/gita-lampshades.eu\/hr\/proizvod\/lampshade-making-workshop-rijeka-28-02-2026\/","title":{"rendered":"Radionica izrade sjenila za lampu Rijeka 18.04.2026."},"content":{"rendered":"<p data-start=\"1132\" data-end=\"1344\">Na radionici \u0107e polaznici izraditi\u00a0<strong data-start=\"1227\" data-end=\"1247\">unikatno sjenilo<\/strong>\u00a0u veli\u010dini i obliku kojega mo\u017eete odabrati u ponu\u0111enom izborniku. Fotografije pokazuju ponu\u0111ene oblike i veli\u010dine sjenila u prostoru. Tako je \u017euto prugasto sjenilo veli\u010dine 25x21cm, crveno karirano 30x22cm, sjenilo na podnoj lampi s motivom \u0161ume je 40x27cm, konusno sjenilo manje  dimenzije cvjetnog uzorka je 30x20x20cm, a konusno ve\u0107e - zelena podna lampa je dimenzije 40x20x35cm.<\/p>\n<p data-start=\"1346\" data-end=\"1413\">Sav\u00a0<strong data-start=\"1350\" data-end=\"1412\">alat i materijal potrebni za radionicu su osigurani.<\/strong>.<\/p>\n<h3 data-start=\"1415\" data-end=\"1445\">Polaznici \u0107e na radionici dobiti:<\/h3>\n<ul data-start=\"1446\" data-end=\"1548\">\n<li data-start=\"1446\" data-end=\"1480\">\n<p data-start=\"1448\" data-end=\"1480\">komplet okvira za sjenila<\/p>\n<\/li>\n<li data-start=\"1481\" data-end=\"1495\">\n<p data-start=\"1483\" data-end=\"1495\">vatrootporna foliju<\/p>\n<\/li>\n<li data-start=\"1496\" data-end=\"1506\">\n<p data-start=\"1498\" data-end=\"1506\">tkaninu<\/p>\n<\/li>\n<li data-start=\"1507\" data-end=\"1530\">\n<p data-start=\"1509\" data-end=\"1530\">alat za podvla\u010denje tkanine<\/p>\n<\/li>\n<li data-start=\"1531\" data-end=\"1548\">\n<p data-start=\"1533\" data-end=\"1548\">ljepljivu traku<\/p>\n<\/li>\n<\/ul>\n<p data-start=\"1550\" data-end=\"1682\">Uz moju pomo\u0107 i potporu\u00a0<strong data-start=\"1580\" data-end=\"1681\">zajedno \u0107emo izraditi sjenilo koje \u0107ete ponijeti u svoj dom. Neopisiv je osje\u0107aj kada sjenilo koje ste sami izradili donesete u svoj interijer i uklju\u010dite lampu. Jedva \u010dekam va\u0161e dojmove.<\/strong>.<\/p>\n<p data-start=\"1684\" data-end=\"1820\">Radionica je namijenjena\u00a0<strong data-start=\"1713\" data-end=\"1723\">odraslima<\/strong>i\u00a0<strong data-start=\"1729\" data-end=\"1764\">nije potrebno nikakvo ranije iskustvo.<\/strong>\u00a0samo pozitivan stav i dobra volja za kreativnim stvaranjem.<\/p>\n<p data-start=\"1822\" data-end=\"1911\"><img decoding=\"async\" class=\"emoji\" role=\"img\" draggable=\"false\" src=\"https:\/\/s.w.org\/images\/core\/emoji\/17.0.2\/svg\/1f4cd.svg\" alt=\"\ud83d\udccd\" \/>\u00a0<strong data-start=\"1825\" data-end=\"1838\">Mjesto odr\u017eavanja:<\/strong><br data-start=\"1838\" data-end=\"1841\" \/>OMNIA - centar za strane jezike, Trpimirova 4, drugi kat.<\/p>\n<p data-start=\"1822\" data-end=\"1911\">Time: 14:00 (2pm) \u00a0\u2013<span style=\"color: #ff0000;\"> Termin je popunjen i otvoren je NOVI TERMIN:<\/span><\/p>\n<p data-start=\"1822\" data-end=\"1911\"><strong>NOVI TERMIN ODR\u017dAVANJA: 18:00 sati.<\/strong><\/p>\n<p data-start=\"1822\" data-end=\"1911\"><strong>\u00a0<\/strong><img decoding=\"async\" class=\"emoji\" role=\"img\" draggable=\"false\" src=\"https:\/\/s.w.org\/images\/core\/emoji\/17.0.2\/svg\/23f1.svg\" alt=\"\u23f1\" \/>\u00a0<strong data-start=\"1915\" data-end=\"1928\">Trajanje:<\/strong><br data-start=\"1928\" data-end=\"1931\" \/>3 sata<br data-start=\"1938\" data-end=\"1941\" \/>u koliko je potrebno, ostajemo i du\u017ee.<\/p>\n<p data-start=\"1974\" data-end=\"2042\">Radujem se va\u0161em dolasku i na\u0161em zajedni\u010dkom stvaranju. Dobro mi do\u0161li!<\/p>","protected":false},"excerpt":{"rendered":"<p>At the lampshade making workshop for table lamps or pendant lights, participants will create a\u00a0unique lampshade\u00a0in various available sizes and [&hellip;]<\/p>","protected":false},"featured_media":3608,"comment_status":"open","ping_status":"closed","template":"","meta":{"site-sidebar-layout":"default","site-content-layout":"","ast-site-content-layout":"default","site-content-style":"default","site-sidebar-style":"default","ast-global-header-display":"","ast-banner-title-visibility":"","ast-main-header-display":"","ast-hfb-above-header-display":"","ast-hfb-below-header-display":"","ast-hfb-mobile-header-display":"","site-post-title":"","ast-breadcrumbs-content":"","ast-featured-img":"","footer-sml-layout":"","theme-transparent-header-meta":"default","adv-header-id-meta":"","stick-header-meta":"","header-above-stick-meta":"","header-main-stick-meta":"","header-below-stick-meta":"","astra-migrate-meta-layouts":"set","ast-page-background-enabled":"default","ast-page-background-meta":{"desktop":{"background-color":"var(--ast-global-color-4)","background-image":"","background-repeat":"repeat","background-position":"center center","background-size":"auto","background-attachment":"scroll","background-type":"","background-media":"","overlay-type":"","overlay-color":"","overlay-opacity":"","overlay-gradient":""},"tablet":{"background-color":"","background-image":"","background-repeat":"repeat","background-position":"center center","background-size":"auto","background-attachment":"scroll","background-type":"","background-media":"","overlay-type":"","overlay-color":"","overlay-opacity":"","overlay-gradient":""},"mobile":{"background-color":"","background-image":"","background-repeat":"repeat","background-position":"center center","background-size":"auto","background-attachment":"scroll","background-type":"","background-media":"","overlay-type":"","overlay-color":"","overlay-opacity":"","overlay-gradient":""}},"ast-content-background-meta":{"desktop":{"background-color":"var(--ast-global-color-5)","background-image":"","background-repeat":"repeat","background-position":"center center","background-size":"auto","background-attachment":"scroll","background-type":"","background-media":"","overlay-type":"","overlay-color":"","overlay-opacity":"","overlay-gradient":""},"tablet":{"background-color":"var(--ast-global-color-5)","background-image":"","background-repeat":"repeat","background-position":"center center","background-size":"auto","background-attachment":"scroll","background-type":"","background-media":"","overlay-type":"","overlay-color":"","overlay-opacity":"","overlay-gradient":""},"mobile":{"background-color":"var(--ast-global-color-5)","background-image":"","background-repeat":"repeat","background-position":"center center","background-size":"auto","background-attachment":"scroll","background-type":"","background-media":"","overlay-type":"","overlay-color":"","overlay-opacity":"","overlay-gradient":""}}},"product_brand":[],"product_cat":[47],"product_tag":[],"class_list":{"0":"post-3600","1":"product","2":"type-product","3":"status-publish","4":"has-post-thumbnail","6":"product_cat-workshop","7":"desktop-align-center","8":"tablet-align-left","9":"mobile-align-left","11":"first","12":"instock","13":"shipping-taxable","14":"purchasable","15":"product-type-variable"},"yoast_head":"<!-- This site is optimized with the Yoast SEO plugin v25.6 - https:\/\/yoast.com\/wordpress\/plugins\/seo\/ -->\n<title>Lampshade making workshop RIJEKA 18.04.2026. - Gita Lampshades<\/title>\n<meta name=\"robots\" content=\"index, follow, max-snippet:-1, max-image-preview:large, max-video-preview:-1\" \/>\n<link rel=\"canonical\" href=\"https:\/\/gita-lampshades.eu\/hr\/proizvod\/lampshade-making-workshop-rijeka-28-02-2026\/\" \/>\n<meta property=\"og:locale\" content=\"hr_HR\" \/>\n<meta property=\"og:type\" content=\"article\" \/>\n<meta property=\"og:title\" content=\"Lampshade making workshop RIJEKA 18.04.2026. - Gita Lampshades\" \/>\n<meta property=\"og:description\" content=\"At the lampshade making workshop for table lamps or pendant lights, participants will create a\u00a0unique lampshade\u00a0in various available sizes and [&hellip;]\" \/>\n<meta property=\"og:url\" content=\"https:\/\/gita-lampshades.eu\/hr\/proizvod\/lampshade-making-workshop-rijeka-28-02-2026\/\" \/>\n<meta property=\"og:site_name\" content=\"Gita Lampshades\" \/>\n<meta property=\"article:modified_time\" content=\"2026-04-13T14:34:49+00:00\" \/>\n<meta property=\"og:image\" content=\"https:\/\/gita-lampshades.eu\/wp-content\/uploads\/2026\/01\/20250228_184249_resized_resized.png\" \/>\n\t<meta property=\"og:image:width\" content=\"450\" \/>\n\t<meta property=\"og:image:height\" content=\"800\" \/>\n\t<meta property=\"og:image:type\" content=\"image\/png\" \/>\n<meta name=\"twitter:card\" content=\"summary_large_image\" \/>\n<meta name=\"twitter:label1\" content=\"Procijenjeno vrijeme \u010ditanja\" \/>\n\t<meta name=\"twitter:data1\" content=\"2 minute\" \/>\n<script type=\"application\/ld+json\" class=\"yoast-schema-graph\">{\"@context\":\"https:\/\/schema.org\",\"@graph\":[{\"@type\":\"WebPage\",\"@id\":\"https:\/\/gita-lampshades.eu\/product\/lampshade-making-workshop-rijeka-28-02-2026\/\",\"url\":\"https:\/\/gita-lampshades.eu\/product\/lampshade-making-workshop-rijeka-28-02-2026\/\",\"name\":\"Lampshade making workshop RIJEKA 18.04.2026. - Gita Lampshades\",\"isPartOf\":{\"@id\":\"https:\/\/gita-lampshades.eu\/#website\"},\"primaryImageOfPage\":{\"@id\":\"https:\/\/gita-lampshades.eu\/product\/lampshade-making-workshop-rijeka-28-02-2026\/#primaryimage\"},\"image\":{\"@id\":\"https:\/\/gita-lampshades.eu\/product\/lampshade-making-workshop-rijeka-28-02-2026\/#primaryimage\"},\"thumbnailUrl\":\"https:\/\/gita-lampshades.eu\/wp-content\/uploads\/2026\/01\/20250228_184249_resized_resized.png\",\"datePublished\":\"2026-01-22T13:05:17+00:00\",\"dateModified\":\"2026-04-13T14:34:49+00:00\",\"breadcrumb\":{\"@id\":\"https:\/\/gita-lampshades.eu\/product\/lampshade-making-workshop-rijeka-28-02-2026\/#breadcrumb\"},\"inLanguage\":\"hr\",\"potentialAction\":[{\"@type\":\"ReadAction\",\"target\":[\"https:\/\/gita-lampshades.eu\/product\/lampshade-making-workshop-rijeka-28-02-2026\/\"]}]},{\"@type\":\"ImageObject\",\"inLanguage\":\"hr\",\"@id\":\"https:\/\/gita-lampshades.eu\/product\/lampshade-making-workshop-rijeka-28-02-2026\/#primaryimage\",\"url\":\"https:\/\/gita-lampshades.eu\/wp-content\/uploads\/2026\/01\/20250228_184249_resized_resized.png\",\"contentUrl\":\"https:\/\/gita-lampshades.eu\/wp-content\/uploads\/2026\/01\/20250228_184249_resized_resized.png\",\"width\":450,\"height\":800},{\"@type\":\"BreadcrumbList\",\"@id\":\"https:\/\/gita-lampshades.eu\/product\/lampshade-making-workshop-rijeka-28-02-2026\/#breadcrumb\",\"itemListElement\":[{\"@type\":\"ListItem\",\"position\":1,\"name\":\"Home\",\"item\":\"https:\/\/gita-lampshades.eu\/\"},{\"@type\":\"ListItem\",\"position\":2,\"name\":\"Shop\",\"item\":\"https:\/\/gita-lampshades.eu\/hr\/shop\/\"},{\"@type\":\"ListItem\",\"position\":3,\"name\":\"Lampshade making workshop RIJEKA 18.04.2026.\"}]},{\"@type\":\"WebSite\",\"@id\":\"https:\/\/gita-lampshades.eu\/#website\",\"url\":\"https:\/\/gita-lampshades.eu\/\",\"name\":\"Gita Lampshades\",\"description\":\"\",\"publisher\":{\"@id\":\"https:\/\/gita-lampshades.eu\/#organization\"},\"potentialAction\":[{\"@type\":\"SearchAction\",\"target\":{\"@type\":\"EntryPoint\",\"urlTemplate\":\"https:\/\/gita-lampshades.eu\/?s={search_term_string}\"},\"query-input\":{\"@type\":\"PropertyValueSpecification\",\"valueRequired\":true,\"valueName\":\"search_term_string\"}}],\"inLanguage\":\"hr\"},{\"@type\":\"Organization\",\"@id\":\"https:\/\/gita-lampshades.eu\/#organization\",\"name\":\"Gita Lampshades\",\"url\":\"https:\/\/gita-lampshades.eu\/\",\"logo\":{\"@type\":\"ImageObject\",\"inLanguage\":\"hr\",\"@id\":\"https:\/\/gita-lampshades.eu\/#\/schema\/logo\/image\/\",\"url\":\"https:\/\/gita-lampshades.eu\/wp-content\/uploads\/2025\/06\/cropped-491195145_1745562156313025_6486678245729008846_n-1.png\",\"contentUrl\":\"https:\/\/gita-lampshades.eu\/wp-content\/uploads\/2025\/06\/cropped-491195145_1745562156313025_6486678245729008846_n-1.png\",\"width\":800,\"height\":317,\"caption\":\"Gita Lampshades\"},\"image\":{\"@id\":\"https:\/\/gita-lampshades.eu\/#\/schema\/logo\/image\/\"}}]}<\/script>\n<!-- \/ Yoast SEO plugin. -->","yoast_head_json":{"title":"Lampshade making workshop RIJEKA 18.04.2026. - Gita Lampshades","robots":{"index":"index","follow":"follow","max-snippet":"max-snippet:-1","max-image-preview":"max-image-preview:large","max-video-preview":"max-video-preview:-1"},"canonical":"https:\/\/gita-lampshades.eu\/hr\/proizvod\/lampshade-making-workshop-rijeka-28-02-2026\/","og_locale":"hr_HR","og_type":"article","og_title":"Lampshade making workshop RIJEKA 18.04.2026. - Gita Lampshades","og_description":"At the lampshade making workshop for table lamps or pendant lights, participants will create a\u00a0unique lampshade\u00a0in various available sizes and [&hellip;]","og_url":"https:\/\/gita-lampshades.eu\/hr\/proizvod\/lampshade-making-workshop-rijeka-28-02-2026\/","og_site_name":"Gita Lampshades","article_modified_time":"2026-04-13T14:34:49+00:00","og_image":[{"width":450,"height":800,"url":"https:\/\/gita-lampshades.eu\/wp-content\/uploads\/2026\/01\/20250228_184249_resized_resized.png","type":"image\/png"}],"twitter_card":"summary_large_image","twitter_misc":{"Procijenjeno vrijeme \u010ditanja":"2 minute"},"schema":{"@context":"https:\/\/schema.org","@graph":[{"@type":"WebPage","@id":"https:\/\/gita-lampshades.eu\/product\/lampshade-making-workshop-rijeka-28-02-2026\/","url":"https:\/\/gita-lampshades.eu\/product\/lampshade-making-workshop-rijeka-28-02-2026\/","name":"Lampshade making workshop RIJEKA 18.04.2026. - Gita Lampshades","isPartOf":{"@id":"https:\/\/gita-lampshades.eu\/#website"},"primaryImageOfPage":{"@id":"https:\/\/gita-lampshades.eu\/product\/lampshade-making-workshop-rijeka-28-02-2026\/#primaryimage"},"image":{"@id":"https:\/\/gita-lampshades.eu\/product\/lampshade-making-workshop-rijeka-28-02-2026\/#primaryimage"},"thumbnailUrl":"https:\/\/gita-lampshades.eu\/wp-content\/uploads\/2026\/01\/20250228_184249_resized_resized.png","datePublished":"2026-01-22T13:05:17+00:00","dateModified":"2026-04-13T14:34:49+00:00","breadcrumb":{"@id":"https:\/\/gita-lampshades.eu\/product\/lampshade-making-workshop-rijeka-28-02-2026\/#breadcrumb"},"inLanguage":"hr","potentialAction":[{"@type":"ReadAction","target":["https:\/\/gita-lampshades.eu\/product\/lampshade-making-workshop-rijeka-28-02-2026\/"]}]},{"@type":"ImageObject","inLanguage":"hr","@id":"https:\/\/gita-lampshades.eu\/product\/lampshade-making-workshop-rijeka-28-02-2026\/#primaryimage","url":"https:\/\/gita-lampshades.eu\/wp-content\/uploads\/2026\/01\/20250228_184249_resized_resized.png","contentUrl":"https:\/\/gita-lampshades.eu\/wp-content\/uploads\/2026\/01\/20250228_184249_resized_resized.png","width":450,"height":800},{"@type":"BreadcrumbList","@id":"https:\/\/gita-lampshades.eu\/product\/lampshade-making-workshop-rijeka-28-02-2026\/#breadcrumb","itemListElement":[{"@type":"ListItem","position":1,"name":"Home","item":"https:\/\/gita-lampshades.eu\/"},{"@type":"ListItem","position":2,"name":"Shop","item":"https:\/\/gita-lampshades.eu\/hr\/shop\/"},{"@type":"ListItem","position":3,"name":"Lampshade making workshop RIJEKA 18.04.2026."}]},{"@type":"WebSite","@id":"https:\/\/gita-lampshades.eu\/#website","url":"https:\/\/gita-lampshades.eu\/","name":"Gita Lampshades","description":"","publisher":{"@id":"https:\/\/gita-lampshades.eu\/#organization"},"potentialAction":[{"@type":"SearchAction","target":{"@type":"EntryPoint","urlTemplate":"https:\/\/gita-lampshades.eu\/?s={search_term_string}"},"query-input":{"@type":"PropertyValueSpecification","valueRequired":true,"valueName":"search_term_string"}}],"inLanguage":"hr"},{"@type":"Organization","@id":"https:\/\/gita-lampshades.eu\/#organization","name":"Gita Lampshades","url":"https:\/\/gita-lampshades.eu\/","logo":{"@type":"ImageObject","inLanguage":"hr","@id":"https:\/\/gita-lampshades.eu\/#\/schema\/logo\/image\/","url":"https:\/\/gita-lampshades.eu\/wp-content\/uploads\/2025\/06\/cropped-491195145_1745562156313025_6486678245729008846_n-1.png","contentUrl":"https:\/\/gita-lampshades.eu\/wp-content\/uploads\/2025\/06\/cropped-491195145_1745562156313025_6486678245729008846_n-1.png","width":800,"height":317,"caption":"Gita Lampshades"},"image":{"@id":"https:\/\/gita-lampshades.eu\/#\/schema\/logo\/image\/"}}]}},"_links":{"self":[{"href":"https:\/\/gita-lampshades.eu\/hr\/wp-json\/wp\/v2\/product\/3600","targetHints":{"allow":["GET"]}}],"collection":[{"href":"https:\/\/gita-lampshades.eu\/hr\/wp-json\/wp\/v2\/product"}],"about":[{"href":"https:\/\/gita-lampshades.eu\/hr\/wp-json\/wp\/v2\/types\/product"}],"replies":[{"embeddable":true,"href":"https:\/\/gita-lampshades.eu\/hr\/wp-json\/wp\/v2\/comments?post=3600"}],"version-history":[{"count":7,"href":"https:\/\/gita-lampshades.eu\/hr\/wp-json\/wp\/v2\/product\/3600\/revisions"}],"predecessor-version":[{"id":3743,"href":"https:\/\/gita-lampshades.eu\/hr\/wp-json\/wp\/v2\/product\/3600\/revisions\/3743"}],"wp:featuredmedia":[{"embeddable":true,"href":"https:\/\/gita-lampshades.eu\/hr\/wp-json\/wp\/v2\/media\/3608"}],"wp:attachment":[{"href":"https:\/\/gita-lampshades.eu\/hr\/wp-json\/wp\/v2\/media?parent=3600"}],"wp:term":[{"taxonomy":"product_brand","embeddable":true,"href":"https:\/\/gita-lampshades.eu\/hr\/wp-json\/wp\/v2\/product_brand?post=3600"},{"taxonomy":"product_cat","embeddable":true,"href":"https:\/\/gita-lampshades.eu\/hr\/wp-json\/wp\/v2\/product_cat?post=3600"},{"taxonomy":"product_tag","embeddable":true,"href":"https:\/\/gita-lampshades.eu\/hr\/wp-json\/wp\/v2\/product_tag?post=3600"}],"curies":[{"name":"wp","href":"https:\/\/api.w.org\/{rel}","templated":true}]}}