{"id":3612,"date":"2026-01-24T23:44:17","date_gmt":"2026-01-24T23:44:17","guid":{"rendered":"https:\/\/gita-lampshades.eu\/?post_type=product&#038;p=3612"},"modified":"2026-02-04T12:05:49","modified_gmt":"2026-02-04T11:05:49","slug":"gift-certificate","status":"publish","type":"product","link":"https:\/\/gita-lampshades.eu\/hr\/proizvod\/gift-certificate\/","title":{"rendered":"Poklon bon"},"content":{"rendered":"<p data-start=\"301\" data-end=\"506\">Tra\u017eite kreativni i druga\u010diji poklon, ali niste sigurni \u0161to odabrati?<\/p>\n<p data-start=\"301\" data-end=\"506\">Vrijednosni bon idealno je rje\u0161enje \u2013 omogu\u0107uje primatelju da sam odabere lampu, sjenilo ili radionicu po vlastitom ukusu.<\/p>\n<p data-start=\"106\" data-end=\"271\">Vrijednost poklon bona glasi na fiksni iznos i mo\u017ee biti iskori\u0161ten za kupnju bilo kojeg proizvoda u web shopu.<\/p>\n<p data-start=\"273\" data-end=\"434\">Vrijednosni bon je jednostavan i pa\u017eljiv na\u010din darivanja koji omogu\u0107uje osobi da sama odabere sjenilo ili lampu koja savr\u0161eno odgovara njezinu prostoru.<\/p>\n<p data-start=\"436\" data-end=\"453\"><strong data-start=\"436\" data-end=\"453\">Kakva je procedura:<\/strong><\/p>\n<ol data-start=\"455\" data-end=\"1188\">\n<li data-start=\"455\" data-end=\"582\">\n<p data-start=\"458\" data-end=\"582\">Ako \u017eelite da se poklon bon po\u0161alje drugoj osobi, nakon kupnje po\u0161aljite  e-mail adresu primatelja na mail: info@gita-lampshades.eu kako bismo znali kome poslati poklon bon.<\/p>\n<\/li>\n<li data-start=\"583\" data-end=\"686\">\n<p data-start=\"586\" data-end=\"686\">Poklon bon nema rok trajanja i mo\u017ee se koristiti vi\u0161e puta, sve dok na njemu postoji raspolo\u017eiv iznos.<\/p>\n<\/li>\n<li data-start=\"687\" data-end=\"806\">\n<p data-start=\"690\" data-end=\"806\">Poklon bon se isporu\u010duje u obliku personalizirane e-poruke s jedinstvenim kodom. Ne uklju\u010duje slanje fizi\u010dke kartice po\u0161tom.<\/p>\n<\/li>\n<li data-start=\"807\" data-end=\"888\">\n<p data-start=\"810\" data-end=\"888\">Prilikom kupnje mo\u017eete upisati osobnu poruku koja \u0107e biti uklju\u010dena u e-mail s poklon bonom. Poruku nam po\u0161aljite na e-mail: info@gita-lampshades.eu<\/p>\n<\/li>\n<li data-start=\"889\" data-end=\"1019\">\n<p data-start=\"892\" data-end=\"1019\">Ako je vrijednost narud\u017ebe ve\u0107a od iznosa poklon bona, razliku je mogu\u0107e platiti bilo kojom dostupnom metodom pla\u0107anja.<\/p>\n<\/li>\n<li data-start=\"1020\" data-end=\"1188\">\n<p data-start=\"1023\" data-end=\"1188\">Za iskori\u0161tavanje poklon bona, tijekom zavr\u0161etka kupnje odaberite opciju <strong data-start=\"1052\" data-end=\"1076\">\u201c<\/strong>Iskoristi poklon bon\u201d i unesite dodijeljeni kod \u2013 iznos bona automatski \u0107e se oduzeti od ukupne cijene narud\u017ebe.<\/p>\n<p data-start=\"697\" data-end=\"799\">Poklonite slobodu izbora i dar koji se prilago\u0111ava prostoru, stilu i \u017eeljama onoga kome je namijenjen.<\/p>\n<\/li>\n<\/ol>","protected":false},"excerpt":{"rendered":"<p>Looking for a creative and original gift but not sure what to choose? A value gift card is the perfect [&hellip;]<\/p>","protected":false},"featured_media":3633,"comment_status":"open","ping_status":"closed","template":"","meta":{"site-sidebar-layout":"default","site-content-layout":"","ast-site-content-layout":"default","site-content-style":"default","site-sidebar-style":"default","ast-global-header-display":"","ast-banner-title-visibility":"","ast-main-header-display":"","ast-hfb-above-header-display":"","ast-hfb-below-header-display":"","ast-hfb-mobile-header-display":"","site-post-title":"","ast-breadcrumbs-content":"","ast-featured-img":"","footer-sml-layout":"","theme-transparent-header-meta":"default","adv-header-id-meta":"","stick-header-meta":"","header-above-stick-meta":"","header-main-stick-meta":"","header-below-stick-meta":"","astra-migrate-meta-layouts":"set","ast-page-background-enabled":"default","ast-page-background-meta":{"desktop":{"background-color":"var(--ast-global-color-4)","background-image":"","background-repeat":"repeat","background-position":"center center","background-size":"auto","background-attachment":"scroll","background-type":"","background-media":"","overlay-type":"","overlay-color":"","overlay-opacity":"","overlay-gradient":""},"tablet":{"background-color":"","background-image":"","background-repeat":"repeat","background-position":"center center","background-size":"auto","background-attachment":"scroll","background-type":"","background-media":"","overlay-type":"","overlay-color":"","overlay-opacity":"","overlay-gradient":""},"mobile":{"background-color":"","background-image":"","background-repeat":"repeat","background-position":"center center","background-size":"auto","background-attachment":"scroll","background-type":"","background-media":"","overlay-type":"","overlay-color":"","overlay-opacity":"","overlay-gradient":""}},"ast-content-background-meta":{"desktop":{"background-color":"var(--ast-global-color-5)","background-image":"","background-repeat":"repeat","background-position":"center center","background-size":"auto","background-attachment":"scroll","background-type":"","background-media":"","overlay-type":"","overlay-color":"","overlay-opacity":"","overlay-gradient":""},"tablet":{"background-color":"var(--ast-global-color-5)","background-image":"","background-repeat":"repeat","background-position":"center center","background-size":"auto","background-attachment":"scroll","background-type":"","background-media":"","overlay-type":"","overlay-color":"","overlay-opacity":"","overlay-gradient":""},"mobile":{"background-color":"var(--ast-global-color-5)","background-image":"","background-repeat":"repeat","background-position":"center center","background-size":"auto","background-attachment":"scroll","background-type":"","background-media":"","overlay-type":"","overlay-color":"","overlay-opacity":"","overlay-gradient":""}}},"product_brand":[],"product_cat":[155],"product_tag":[],"class_list":{"0":"post-3612","1":"product","2":"type-product","3":"status-publish","4":"has-post-thumbnail","6":"product_cat-gift-certificate","7":"pa_style-gift-card-130-eur","8":"pa_style-gift-card-240-eur","9":"pa_style-gift-card-40-eur","10":"pa_style-gift-card-90-eur","11":"pa_style-on-line-1-to-1-zoom-workshop","12":"pa_style-premium-workshop","13":"pa_style-standard-workshop","14":"desktop-align-center","15":"tablet-align-left","16":"mobile-align-left","18":"first","19":"instock","20":"shipping-taxable","21":"purchasable","22":"product-type-variable"},"yoast_head":"<!-- This site is optimized with the Yoast SEO plugin v25.6 - https:\/\/yoast.com\/wordpress\/plugins\/seo\/ -->\n<title>Gift Card - Gita Lampshades<\/title>\n<meta name=\"robots\" content=\"index, follow, max-snippet:-1, max-image-preview:large, max-video-preview:-1\" \/>\n<link rel=\"canonical\" href=\"https:\/\/gita-lampshades.eu\/hr\/proizvod\/gift-certificate\/\" \/>\n<meta property=\"og:locale\" content=\"hr_HR\" \/>\n<meta property=\"og:type\" content=\"article\" \/>\n<meta property=\"og:title\" content=\"Gift Card - Gita Lampshades\" \/>\n<meta property=\"og:description\" content=\"Looking for a creative and original gift but not sure what to choose? A value gift card is the perfect [&hellip;]\" \/>\n<meta property=\"og:url\" content=\"https:\/\/gita-lampshades.eu\/hr\/proizvod\/gift-certificate\/\" \/>\n<meta property=\"og:site_name\" content=\"Gita Lampshades\" \/>\n<meta property=\"article:modified_time\" content=\"2026-02-04T11:05:49+00:00\" \/>\n<meta property=\"og:image\" content=\"https:\/\/gita-lampshades.eu\/wp-content\/uploads\/2026\/01\/Black-blush-elegant-floral-happy-Valentines-Day-twitter-post-1.jpg\" \/>\n\t<meta property=\"og:image:width\" content=\"1600\" \/>\n\t<meta property=\"og:image:height\" content=\"900\" \/>\n\t<meta property=\"og:image:type\" content=\"image\/jpeg\" \/>\n<meta name=\"twitter:card\" content=\"summary_large_image\" \/>\n<meta name=\"twitter:label1\" content=\"Procijenjeno vrijeme \u010ditanja\" \/>\n\t<meta name=\"twitter:data1\" content=\"2 minute\" \/>\n<script type=\"application\/ld+json\" class=\"yoast-schema-graph\">{\"@context\":\"https:\/\/schema.org\",\"@graph\":[{\"@type\":\"WebPage\",\"@id\":\"https:\/\/gita-lampshades.eu\/product\/gift-certificate\/\",\"url\":\"https:\/\/gita-lampshades.eu\/product\/gift-certificate\/\",\"name\":\"Gift Card - Gita Lampshades\",\"isPartOf\":{\"@id\":\"https:\/\/gita-lampshades.eu\/#website\"},\"primaryImageOfPage\":{\"@id\":\"https:\/\/gita-lampshades.eu\/product\/gift-certificate\/#primaryimage\"},\"image\":{\"@id\":\"https:\/\/gita-lampshades.eu\/product\/gift-certificate\/#primaryimage\"},\"thumbnailUrl\":\"https:\/\/gita-lampshades.eu\/wp-content\/uploads\/2026\/01\/Black-blush-elegant-floral-happy-Valentines-Day-twitter-post-1.jpg\",\"datePublished\":\"2026-01-24T23:44:17+00:00\",\"dateModified\":\"2026-02-04T11:05:49+00:00\",\"breadcrumb\":{\"@id\":\"https:\/\/gita-lampshades.eu\/product\/gift-certificate\/#breadcrumb\"},\"inLanguage\":\"hr\",\"potentialAction\":[{\"@type\":\"ReadAction\",\"target\":[\"https:\/\/gita-lampshades.eu\/product\/gift-certificate\/\"]}]},{\"@type\":\"ImageObject\",\"inLanguage\":\"hr\",\"@id\":\"https:\/\/gita-lampshades.eu\/product\/gift-certificate\/#primaryimage\",\"url\":\"https:\/\/gita-lampshades.eu\/wp-content\/uploads\/2026\/01\/Black-blush-elegant-floral-happy-Valentines-Day-twitter-post-1.jpg\",\"contentUrl\":\"https:\/\/gita-lampshades.eu\/wp-content\/uploads\/2026\/01\/Black-blush-elegant-floral-happy-Valentines-Day-twitter-post-1.jpg\",\"width\":1600,\"height\":900},{\"@type\":\"BreadcrumbList\",\"@id\":\"https:\/\/gita-lampshades.eu\/product\/gift-certificate\/#breadcrumb\",\"itemListElement\":[{\"@type\":\"ListItem\",\"position\":1,\"name\":\"Home\",\"item\":\"https:\/\/gita-lampshades.eu\/\"},{\"@type\":\"ListItem\",\"position\":2,\"name\":\"Shop\",\"item\":\"https:\/\/gita-lampshades.eu\/hr\/shop\/\"},{\"@type\":\"ListItem\",\"position\":3,\"name\":\"Gift Card\"}]},{\"@type\":\"WebSite\",\"@id\":\"https:\/\/gita-lampshades.eu\/#website\",\"url\":\"https:\/\/gita-lampshades.eu\/\",\"name\":\"Gita Lampshades\",\"description\":\"\",\"publisher\":{\"@id\":\"https:\/\/gita-lampshades.eu\/#organization\"},\"potentialAction\":[{\"@type\":\"SearchAction\",\"target\":{\"@type\":\"EntryPoint\",\"urlTemplate\":\"https:\/\/gita-lampshades.eu\/?s={search_term_string}\"},\"query-input\":{\"@type\":\"PropertyValueSpecification\",\"valueRequired\":true,\"valueName\":\"search_term_string\"}}],\"inLanguage\":\"hr\"},{\"@type\":\"Organization\",\"@id\":\"https:\/\/gita-lampshades.eu\/#organization\",\"name\":\"Gita Lampshades\",\"url\":\"https:\/\/gita-lampshades.eu\/\",\"logo\":{\"@type\":\"ImageObject\",\"inLanguage\":\"hr\",\"@id\":\"https:\/\/gita-lampshades.eu\/#\/schema\/logo\/image\/\",\"url\":\"https:\/\/gita-lampshades.eu\/wp-content\/uploads\/2025\/06\/cropped-491195145_1745562156313025_6486678245729008846_n-1.png\",\"contentUrl\":\"https:\/\/gita-lampshades.eu\/wp-content\/uploads\/2025\/06\/cropped-491195145_1745562156313025_6486678245729008846_n-1.png\",\"width\":800,\"height\":317,\"caption\":\"Gita Lampshades\"},\"image\":{\"@id\":\"https:\/\/gita-lampshades.eu\/#\/schema\/logo\/image\/\"}}]}<\/script>\n<!-- \/ Yoast SEO plugin. -->","yoast_head_json":{"title":"Gift Card - Gita Lampshades","robots":{"index":"index","follow":"follow","max-snippet":"max-snippet:-1","max-image-preview":"max-image-preview:large","max-video-preview":"max-video-preview:-1"},"canonical":"https:\/\/gita-lampshades.eu\/hr\/proizvod\/gift-certificate\/","og_locale":"hr_HR","og_type":"article","og_title":"Gift Card - Gita Lampshades","og_description":"Looking for a creative and original gift but not sure what to choose? A value gift card is the perfect [&hellip;]","og_url":"https:\/\/gita-lampshades.eu\/hr\/proizvod\/gift-certificate\/","og_site_name":"Gita Lampshades","article_modified_time":"2026-02-04T11:05:49+00:00","og_image":[{"width":1600,"height":900,"url":"https:\/\/gita-lampshades.eu\/wp-content\/uploads\/2026\/01\/Black-blush-elegant-floral-happy-Valentines-Day-twitter-post-1.jpg","type":"image\/jpeg"}],"twitter_card":"summary_large_image","twitter_misc":{"Procijenjeno vrijeme \u010ditanja":"2 minute"},"schema":{"@context":"https:\/\/schema.org","@graph":[{"@type":"WebPage","@id":"https:\/\/gita-lampshades.eu\/product\/gift-certificate\/","url":"https:\/\/gita-lampshades.eu\/product\/gift-certificate\/","name":"Gift Card - Gita Lampshades","isPartOf":{"@id":"https:\/\/gita-lampshades.eu\/#website"},"primaryImageOfPage":{"@id":"https:\/\/gita-lampshades.eu\/product\/gift-certificate\/#primaryimage"},"image":{"@id":"https:\/\/gita-lampshades.eu\/product\/gift-certificate\/#primaryimage"},"thumbnailUrl":"https:\/\/gita-lampshades.eu\/wp-content\/uploads\/2026\/01\/Black-blush-elegant-floral-happy-Valentines-Day-twitter-post-1.jpg","datePublished":"2026-01-24T23:44:17+00:00","dateModified":"2026-02-04T11:05:49+00:00","breadcrumb":{"@id":"https:\/\/gita-lampshades.eu\/product\/gift-certificate\/#breadcrumb"},"inLanguage":"hr","potentialAction":[{"@type":"ReadAction","target":["https:\/\/gita-lampshades.eu\/product\/gift-certificate\/"]}]},{"@type":"ImageObject","inLanguage":"hr","@id":"https:\/\/gita-lampshades.eu\/product\/gift-certificate\/#primaryimage","url":"https:\/\/gita-lampshades.eu\/wp-content\/uploads\/2026\/01\/Black-blush-elegant-floral-happy-Valentines-Day-twitter-post-1.jpg","contentUrl":"https:\/\/gita-lampshades.eu\/wp-content\/uploads\/2026\/01\/Black-blush-elegant-floral-happy-Valentines-Day-twitter-post-1.jpg","width":1600,"height":900},{"@type":"BreadcrumbList","@id":"https:\/\/gita-lampshades.eu\/product\/gift-certificate\/#breadcrumb","itemListElement":[{"@type":"ListItem","position":1,"name":"Home","item":"https:\/\/gita-lampshades.eu\/"},{"@type":"ListItem","position":2,"name":"Shop","item":"https:\/\/gita-lampshades.eu\/hr\/shop\/"},{"@type":"ListItem","position":3,"name":"Gift Card"}]},{"@type":"WebSite","@id":"https:\/\/gita-lampshades.eu\/#website","url":"https:\/\/gita-lampshades.eu\/","name":"Gita Lampshades","description":"","publisher":{"@id":"https:\/\/gita-lampshades.eu\/#organization"},"potentialAction":[{"@type":"SearchAction","target":{"@type":"EntryPoint","urlTemplate":"https:\/\/gita-lampshades.eu\/?s={search_term_string}"},"query-input":{"@type":"PropertyValueSpecification","valueRequired":true,"valueName":"search_term_string"}}],"inLanguage":"hr"},{"@type":"Organization","@id":"https:\/\/gita-lampshades.eu\/#organization","name":"Gita Lampshades","url":"https:\/\/gita-lampshades.eu\/","logo":{"@type":"ImageObject","inLanguage":"hr","@id":"https:\/\/gita-lampshades.eu\/#\/schema\/logo\/image\/","url":"https:\/\/gita-lampshades.eu\/wp-content\/uploads\/2025\/06\/cropped-491195145_1745562156313025_6486678245729008846_n-1.png","contentUrl":"https:\/\/gita-lampshades.eu\/wp-content\/uploads\/2025\/06\/cropped-491195145_1745562156313025_6486678245729008846_n-1.png","width":800,"height":317,"caption":"Gita Lampshades"},"image":{"@id":"https:\/\/gita-lampshades.eu\/#\/schema\/logo\/image\/"}}]}},"_links":{"self":[{"href":"https:\/\/gita-lampshades.eu\/hr\/wp-json\/wp\/v2\/product\/3612","targetHints":{"allow":["GET"]}}],"collection":[{"href":"https:\/\/gita-lampshades.eu\/hr\/wp-json\/wp\/v2\/product"}],"about":[{"href":"https:\/\/gita-lampshades.eu\/hr\/wp-json\/wp\/v2\/types\/product"}],"replies":[{"embeddable":true,"href":"https:\/\/gita-lampshades.eu\/hr\/wp-json\/wp\/v2\/comments?post=3612"}],"version-history":[{"count":5,"href":"https:\/\/gita-lampshades.eu\/hr\/wp-json\/wp\/v2\/product\/3612\/revisions"}],"predecessor-version":[{"id":3641,"href":"https:\/\/gita-lampshades.eu\/hr\/wp-json\/wp\/v2\/product\/3612\/revisions\/3641"}],"wp:featuredmedia":[{"embeddable":true,"href":"https:\/\/gita-lampshades.eu\/hr\/wp-json\/wp\/v2\/media\/3633"}],"wp:attachment":[{"href":"https:\/\/gita-lampshades.eu\/hr\/wp-json\/wp\/v2\/media?parent=3612"}],"wp:term":[{"taxonomy":"product_brand","embeddable":true,"href":"https:\/\/gita-lampshades.eu\/hr\/wp-json\/wp\/v2\/product_brand?post=3612"},{"taxonomy":"product_cat","embeddable":true,"href":"https:\/\/gita-lampshades.eu\/hr\/wp-json\/wp\/v2\/product_cat?post=3612"},{"taxonomy":"product_tag","embeddable":true,"href":"https:\/\/gita-lampshades.eu\/hr\/wp-json\/wp\/v2\/product_tag?post=3612"}],"curies":[{"name":"wp","href":"https:\/\/api.w.org\/{rel}","templated":true}]}}